{"id":98,"date":"2018-01-12T11:00:03","date_gmt":"2018-01-12T10:00:03","guid":{"rendered":"http:\/\/bwbienen.com\/Homepage\/?page_id=98"},"modified":"2025-05-23T19:27:48","modified_gmt":"2025-05-23T17:27:48","slug":"home","status":"publish","type":"page","link":"https:\/\/bwbienen.com\/Homepage\/","title":{"rendered":"Startseite"},"content":{"rendered":"\t\t<div data-elementor-type=\"wp-page\" data-elementor-id=\"98\" class=\"elementor elementor-98\">\n\t\t\t\t\t\t<section class=\"elementor-section elementor-top-section elementor-element elementor-element-eb9a4bf elementor-section-boxed elementor-section-height-default elementor-section-height-default\" data-id=\"eb9a4bf\" data-element_type=\"section\" data-e-type=\"section\">\n\t\t\t\t\t\t<div class=\"elementor-container elementor-column-gap-default\">\n\t\t\t\t\t<div class=\"elementor-column elementor-col-100 elementor-top-column elementor-element elementor-element-82c7d3a\" data-id=\"82c7d3a\" data-element_type=\"column\" data-e-type=\"column\">\n\t\t\t<div class=\"elementor-widget-wrap elementor-element-populated\">\n\t\t\t\t\t\t<div class=\"elementor-element elementor-element-0dffaf3 elementor-widget elementor-widget-heading\" data-id=\"0dffaf3\" data-element_type=\"widget\" data-e-type=\"widget\" data-widget_type=\"heading.default\">\n\t\t\t\t<div class=\"elementor-widget-container\">\n\t\t\t\t\t<h2 class=\"elementor-heading-title elementor-size-default\">Willkommen bei uns \u2013 Bewegung, Teamgeist &amp; Gemeinschaft!<\/h2>\t\t\t\t<\/div>\n\t\t\t\t<\/div>\n\t\t\t\t<div class=\"elementor-element elementor-element-6c1a1a9 elementor-widget elementor-widget-text-editor\" data-id=\"6c1a1a9\" data-element_type=\"widget\" data-e-type=\"widget\" data-widget_type=\"text-editor.default\">\n\t\t\t\t<div class=\"elementor-widget-container\">\n\t\t\t\t\t\t\t\t\t<p data-start=\"380\" data-end=\"629\"><strong data-start=\"380\" data-end=\"505\">Ob auf dem Fu\u00dfballplatz, in der Turnhalle oder am Volleyballnetz \u2013 bei uns steht der Spa\u00df an der Bewegung im Mittelpunkt!<\/strong><br data-start=\"505\" data-end=\"508\" \/>Wir bieten abwechslungsreiche Sportangebote f\u00fcr Gro\u00df und Klein \u2013 zum Austoben, Trainieren, Mitmachen und Zusammenwachsen.<\/p><p data-start=\"631\" data-end=\"776\">\ud83d\udcf2 <strong data-start=\"634\" data-end=\"667\">Du m\u00f6chtest nichts verpassen?<\/strong><br data-start=\"667\" data-end=\"670\" \/>Dann folge uns auf unseren Social-Media-Kan\u00e4len!<br data-start=\"718\" data-end=\"721\" \/>Hier halten wir dich regelm\u00e4\u00dfig auf dem Laufenden \u00fcber:<\/p><ul data-start=\"778\" data-end=\"950\"><li data-start=\"778\" data-end=\"827\"><p data-start=\"780\" data-end=\"827\">\ud83d\udcc6 Aktuelle Trainingszeiten &amp; Veranstaltungen<\/p><\/li><li data-start=\"828\" data-end=\"866\"><p data-start=\"830\" data-end=\"866\">\ud83d\udcf8 Einblicke in unser Vereinsleben<\/p><\/li><li data-start=\"867\" data-end=\"909\"><p data-start=\"869\" data-end=\"909\">\ud83c\udfc6 Turniere, Erfolge &amp; Team-Highlights<\/p><\/li><li data-start=\"910\" data-end=\"950\"><p data-start=\"912\" data-end=\"950\">\ud83c\udf89 Aktionen, Workshops &amp; neue Angebote<\/p><\/li><\/ul><p data-start=\"952\" data-end=\"1010\">\ud83d\udc47 Jetzt folgen und Teil unserer aktiven Community werden:<\/p><p data-start=\"952\" data-end=\"1010\">\u00a0<\/p>\t\t\t\t\t\t\t\t<\/div>\n\t\t\t\t<\/div>\n\t\t\t\t<div class=\"elementor-element elementor-element-2b2bcf1 elementor-view-default elementor-widget elementor-widget-icon\" data-id=\"2b2bcf1\" data-element_type=\"widget\" data-e-type=\"widget\" data-widget_type=\"icon.default\">\n\t\t\t\t<div class=\"elementor-widget-container\">\n\t\t\t\t\t\t\t<div class=\"elementor-icon-wrapper\">\n\t\t\t<a class=\"elementor-icon\" href=\"https:\/\/www.facebook.com\/sv.bwbienen\/\">\n\t\t\t<i aria-hidden=\"true\" class=\"fab fa-facebook\"><\/i>\t\t\t<\/a>\n\t\t<\/div>\n\t\t\t\t\t\t<\/div>\n\t\t\t\t<\/div>\n\t\t\t\t<div class=\"elementor-element elementor-element-2fb88ae elementor-view-default elementor-widget elementor-widget-icon\" data-id=\"2fb88ae\" data-element_type=\"widget\" data-e-type=\"widget\" data-widget_type=\"icon.default\">\n\t\t\t\t<div class=\"elementor-widget-container\">\n\t\t\t\t\t\t\t<div class=\"elementor-icon-wrapper\">\n\t\t\t<a class=\"elementor-icon\" href=\"https:\/\/www.instagram.com\/bwb_1946\/\">\n\t\t\t<i aria-hidden=\"true\" class=\"fab fa-instagram\"><\/i>\t\t\t<\/a>\n\t\t<\/div>\n\t\t\t\t\t\t<\/div>\n\t\t\t\t<\/div>\n\t\t\t\t\t<\/div>\n\t\t<\/div>\n\t\t\t\t\t<\/div>\n\t\t<\/section>\n\t\t\t\t<section class=\"elementor-section elementor-top-section elementor-element elementor-element-2dee26e9 elementor-section-boxed elementor-section-height-default elementor-section-height-default\" data-id=\"2dee26e9\" data-element_type=\"section\" data-e-type=\"section\">\n\t\t\t\t\t\t<div class=\"elementor-container elementor-column-gap-default\">\n\t\t\t\t\t<div class=\"elementor-column elementor-col-100 elementor-top-column elementor-element elementor-element-50ecf757\" data-id=\"50ecf757\" data-element_type=\"column\" data-e-type=\"column\">\n\t\t\t<div class=\"elementor-widget-wrap elementor-element-populated\">\n\t\t\t\t\t\t<div class=\"elementor-element elementor-element-378eac25 elementor-widget elementor-widget-text-editor\" data-id=\"378eac25\" data-element_type=\"widget\" data-e-type=\"widget\" data-widget_type=\"text-editor.default\">\n\t\t\t\t<div class=\"elementor-widget-container\">\n\t\t\t\t\t\t\t\t\t<div id=\"fb-root\">\u00a0<\/div><p><script>(function(d, s, id) {\n  var js, fjs = d.getElementsByTagName(s)[0];\n  if (d.getElementById(id)) return;\n  js = d.createElement(s); js.id = id;\n  js.src = 'https:\/\/connect.facebook.net\/en_GB\/sdk.js#xfbml=1&version=v3.1';\n  fjs.parentNode.insertBefore(js, fjs);\n}(document, 'script', 'facebook-jssdk'));<\/script><\/p><div class=\"fb-page\" data-href=\"https:\/\/www.facebook.com\/sv.bwbienen\/\" data-tabs=\"timeline\" data-width=\"650\" data-height=\"1000\" data-small-header=\"true\" data-adapt-container-width=\"true\" data-hide-cover=\"false\" data-show-facepile=\"true\"><blockquote class=\"fb-xfbml-parse-ignore\" cite=\"https:\/\/www.facebook.com\/sv.bwbienen\/\"><p><a href=\"https:\/\/www.facebook.com\/sv.bwbienen\/\">SV Blau-Wei\u00df Bienen 1946 e.V.<\/a><\/p><\/blockquote><\/div><p><a href=\"https:\/\/www.instagram.com\/bwb_1946\/\">\u00a0<\/a><\/p>\t\t\t\t\t\t\t\t<\/div>\n\t\t\t\t<\/div>\n\t\t\t\t\t<\/div>\n\t\t<\/div>\n\t\t\t\t\t<\/div>\n\t\t<\/section>\n\t\t\t\t<\/div>\n\t\t","protected":false},"excerpt":{"rendered":"<p>Willkommen bei uns \u2013 Bewegung, Teamgeist &#038; Gemeinschaft! Ob auf dem Fu\u00dfballplatz, in der Turnhalle oder am Volleyballnetz \u2013 bei uns steht der Spa\u00df an der Bewegung im Mittelpunkt!Wir bieten abwechslungsreiche Sportangebote f\u00fcr Gro\u00df und Klein \u2013 zum Austoben, Trainieren, Mitmachen und Zusammenwachsen. \ud83d\udcf2 Du m\u00f6chtest nichts verpassen?Dann folge uns auf unseren Social-Media-Kan\u00e4len!Hier halten wir [&hellip;]<\/p>\n","protected":false},"author":2,"featured_media":0,"parent":0,"menu_order":1,"comment_status":"closed","ping_status":"closed","template":"","meta":{"footnotes":""},"class_list":["post-98","page","type-page","status-publish","hentry"],"yoast_head":"<!-- This site is optimized with the Yoast SEO plugin v27.4 - https:\/\/yoast.com\/product\/yoast-seo-wordpress\/ -->\n<title>Startseite - BW Bienen<\/title>\n<meta name=\"robots\" content=\"index, follow, max-snippet:-1, max-image-preview:large, max-video-preview:-1\" \/>\n<link rel=\"canonical\" href=\"https:\/\/bwbienen.com\/Homepage\/\" \/>\n<meta property=\"og:locale\" content=\"de_DE\" \/>\n<meta property=\"og:type\" content=\"article\" \/>\n<meta property=\"og:title\" content=\"Startseite - BW Bienen\" \/>\n<meta property=\"og:description\" content=\"Willkommen bei uns \u2013 Bewegung, Teamgeist &#038; Gemeinschaft! Ob auf dem Fu\u00dfballplatz, in der Turnhalle oder am Volleyballnetz \u2013 bei uns steht der Spa\u00df an der Bewegung im Mittelpunkt!Wir bieten abwechslungsreiche Sportangebote f\u00fcr Gro\u00df und Klein \u2013 zum Austoben, Trainieren, Mitmachen und Zusammenwachsen. \ud83d\udcf2 Du m\u00f6chtest nichts verpassen?Dann folge uns auf unseren Social-Media-Kan\u00e4len!Hier halten wir [&hellip;]\" \/>\n<meta property=\"og:url\" content=\"https:\/\/bwbienen.com\/Homepage\/\" \/>\n<meta property=\"og:site_name\" content=\"BW Bienen\" \/>\n<meta property=\"article:modified_time\" content=\"2025-05-23T17:27:48+00:00\" \/>\n<meta name=\"twitter:card\" content=\"summary_large_image\" \/>\n<meta name=\"twitter:label1\" content=\"Gesch\u00e4tzte Lesezeit\" \/>\n\t<meta name=\"twitter:data1\" content=\"1\u00a0Minute\" \/>\n<script type=\"application\/ld+json\" class=\"yoast-schema-graph\">{\"@context\":\"https:\\\/\\\/schema.org\",\"@graph\":[{\"@type\":\"WebPage\",\"@id\":\"https:\\\/\\\/bwbienen.com\\\/Homepage\\\/\",\"url\":\"https:\\\/\\\/bwbienen.com\\\/Homepage\\\/\",\"name\":\"Startseite - BW Bienen\",\"isPartOf\":{\"@id\":\"https:\\\/\\\/bwbienen.com\\\/Homepage\\\/#website\"},\"datePublished\":\"2018-01-12T10:00:03+00:00\",\"dateModified\":\"2025-05-23T17:27:48+00:00\",\"breadcrumb\":{\"@id\":\"https:\\\/\\\/bwbienen.com\\\/Homepage\\\/#breadcrumb\"},\"inLanguage\":\"de\",\"potentialAction\":[{\"@type\":\"ReadAction\",\"target\":[\"https:\\\/\\\/bwbienen.com\\\/Homepage\\\/\"]}]},{\"@type\":\"BreadcrumbList\",\"@id\":\"https:\\\/\\\/bwbienen.com\\\/Homepage\\\/#breadcrumb\",\"itemListElement\":[{\"@type\":\"ListItem\",\"position\":1,\"name\":\"Startseite\",\"item\":\"https:\\\/\\\/bwbienen.com\\\/Homepage\\\/\"},{\"@type\":\"ListItem\",\"position\":2,\"name\":\"Startseite\"}]},{\"@type\":\"WebSite\",\"@id\":\"https:\\\/\\\/bwbienen.com\\\/Homepage\\\/#website\",\"url\":\"https:\\\/\\\/bwbienen.com\\\/Homepage\\\/\",\"name\":\"BW Bienen\",\"description\":\"Der Fu\u00dfballverein am Niederrhein\",\"potentialAction\":[{\"@type\":\"SearchAction\",\"target\":{\"@type\":\"EntryPoint\",\"urlTemplate\":\"https:\\\/\\\/bwbienen.com\\\/Homepage\\\/?s={search_term_string}\"},\"query-input\":{\"@type\":\"PropertyValueSpecification\",\"valueRequired\":true,\"valueName\":\"search_term_string\"}}],\"inLanguage\":\"de\"}]}<\/script>\n<!-- \/ Yoast SEO plugin. -->","yoast_head_json":{"title":"Startseite - BW Bienen","robots":{"index":"index","follow":"follow","max-snippet":"max-snippet:-1","max-image-preview":"max-image-preview:large","max-video-preview":"max-video-preview:-1"},"canonical":"https:\/\/bwbienen.com\/Homepage\/","og_locale":"de_DE","og_type":"article","og_title":"Startseite - BW Bienen","og_description":"Willkommen bei uns \u2013 Bewegung, Teamgeist &#038; Gemeinschaft! Ob auf dem Fu\u00dfballplatz, in der Turnhalle oder am Volleyballnetz \u2013 bei uns steht der Spa\u00df an der Bewegung im Mittelpunkt!Wir bieten abwechslungsreiche Sportangebote f\u00fcr Gro\u00df und Klein \u2013 zum Austoben, Trainieren, Mitmachen und Zusammenwachsen. \ud83d\udcf2 Du m\u00f6chtest nichts verpassen?Dann folge uns auf unseren Social-Media-Kan\u00e4len!Hier halten wir [&hellip;]","og_url":"https:\/\/bwbienen.com\/Homepage\/","og_site_name":"BW Bienen","article_modified_time":"2025-05-23T17:27:48+00:00","twitter_card":"summary_large_image","twitter_misc":{"Gesch\u00e4tzte Lesezeit":"1\u00a0Minute"},"schema":{"@context":"https:\/\/schema.org","@graph":[{"@type":"WebPage","@id":"https:\/\/bwbienen.com\/Homepage\/","url":"https:\/\/bwbienen.com\/Homepage\/","name":"Startseite - BW Bienen","isPartOf":{"@id":"https:\/\/bwbienen.com\/Homepage\/#website"},"datePublished":"2018-01-12T10:00:03+00:00","dateModified":"2025-05-23T17:27:48+00:00","breadcrumb":{"@id":"https:\/\/bwbienen.com\/Homepage\/#breadcrumb"},"inLanguage":"de","potentialAction":[{"@type":"ReadAction","target":["https:\/\/bwbienen.com\/Homepage\/"]}]},{"@type":"BreadcrumbList","@id":"https:\/\/bwbienen.com\/Homepage\/#breadcrumb","itemListElement":[{"@type":"ListItem","position":1,"name":"Startseite","item":"https:\/\/bwbienen.com\/Homepage\/"},{"@type":"ListItem","position":2,"name":"Startseite"}]},{"@type":"WebSite","@id":"https:\/\/bwbienen.com\/Homepage\/#website","url":"https:\/\/bwbienen.com\/Homepage\/","name":"BW Bienen","description":"Der Fu\u00dfballverein am Niederrhein","potentialAction":[{"@type":"SearchAction","target":{"@type":"EntryPoint","urlTemplate":"https:\/\/bwbienen.com\/Homepage\/?s={search_term_string}"},"query-input":{"@type":"PropertyValueSpecification","valueRequired":true,"valueName":"search_term_string"}}],"inLanguage":"de"}]}},"_links":{"self":[{"href":"https:\/\/bwbienen.com\/Homepage\/wp-json\/wp\/v2\/pages\/98","targetHints":{"allow":["GET"]}}],"collection":[{"href":"https:\/\/bwbienen.com\/Homepage\/wp-json\/wp\/v2\/pages"}],"about":[{"href":"https:\/\/bwbienen.com\/Homepage\/wp-json\/wp\/v2\/types\/page"}],"author":[{"embeddable":true,"href":"https:\/\/bwbienen.com\/Homepage\/wp-json\/wp\/v2\/users\/2"}],"replies":[{"embeddable":true,"href":"https:\/\/bwbienen.com\/Homepage\/wp-json\/wp\/v2\/comments?post=98"}],"version-history":[{"count":45,"href":"https:\/\/bwbienen.com\/Homepage\/wp-json\/wp\/v2\/pages\/98\/revisions"}],"predecessor-version":[{"id":1846,"href":"https:\/\/bwbienen.com\/Homepage\/wp-json\/wp\/v2\/pages\/98\/revisions\/1846"}],"wp:attachment":[{"href":"https:\/\/bwbienen.com\/Homepage\/wp-json\/wp\/v2\/media?parent=98"}],"curies":[{"name":"wp","href":"https:\/\/api.w.org\/{rel}","templated":true}]}}