{"id":830,"date":"2019-10-13T20:20:48","date_gmt":"2019-10-13T18:20:48","guid":{"rendered":"http:\/\/bwbienen.com\/Homepage\/?page_id=830"},"modified":"2024-05-28T00:57:29","modified_gmt":"2024-05-27T22:57:29","slug":"mitglied-werden","status":"publish","type":"page","link":"https:\/\/bwbienen.com\/Homepage\/verein\/mitglied-werden\/","title":{"rendered":"Mitglied werden"},"content":{"rendered":"\t\t<div data-elementor-type=\"wp-page\" data-elementor-id=\"830\" class=\"elementor elementor-830\">\n\t\t\t\t\t\t<section class=\"elementor-section elementor-top-section elementor-element elementor-element-60ac679 elementor-section-boxed elementor-section-height-default elementor-section-height-default\" data-id=\"60ac679\" data-element_type=\"section\" data-e-type=\"section\">\n\t\t\t\t\t\t<div class=\"elementor-container elementor-column-gap-default\">\n\t\t\t\t\t<div class=\"elementor-column elementor-col-100 elementor-top-column elementor-element elementor-element-9a3d87e\" data-id=\"9a3d87e\" data-element_type=\"column\" data-e-type=\"column\">\n\t\t\t<div class=\"elementor-widget-wrap elementor-element-populated\">\n\t\t\t\t\t\t<div class=\"elementor-element elementor-element-4502e7a elementor-widget elementor-widget-text-editor\" data-id=\"4502e7a\" data-element_type=\"widget\" data-e-type=\"widget\" data-widget_type=\"text-editor.default\">\n\t\t\t\t<div class=\"elementor-widget-container\">\n\t\t\t\t\t\t\t\t\t<h3 class=\"MsoNormal\" style=\"margin-bottom: 0cm; line-height: normal; background-image: initial; background-position: initial; background-size: initial; background-repeat: initial; background-attachment: initial; background-origin: initial; background-clip: initial;\"><span style=\"color: #000000;\"><strong><span style=\"font-size: 16.5pt; font-family: 'inherit', serif; padding: 0cm; border: 1pt none windowtext;\">Du willst Teil der Blau-Wei\u00dfen Familie werden?<\/span><\/strong><\/span><\/h3><p>\u00a0<\/p><h3 class=\"MsoNormal\" style=\"margin-bottom: 0cm; line-height: normal; background-image: initial; background-position: initial; background-size: initial; background-repeat: initial; background-attachment: initial; background-origin: initial; background-clip: initial;\"><span style=\"color: #000000;\"><strong><span style=\"font-size: 16.5pt; font-family: 'inherit', serif; padding: 0cm; border: 1pt none windowtext;\">Dann melde dich an!<\/span><\/strong><\/span><\/h3><p>\u00a0<\/p><h3 class=\"MsoNormal\" style=\"margin-bottom: 18pt; line-height: normal; background-image: initial; background-position: initial; background-size: initial; background-repeat: initial; background-attachment: initial; background-origin: initial; background-clip: initial;\"><span style=\"color: #000000;\"><strong>Jahresbeitr\u00e4ge: (Zahlung halbj\u00e4hrig 15. Feb. und 15. Aug.)<\/strong><\/span><\/h3><h3><span style=\"color: #000000;\">Erwachsene(r): 72,00 Euro<\/span><\/h3><h3><span style=\"color: #000000;\">Jugendliche(r): 48,00 Euro<\/span><\/h3><h3><span style=\"color: #000000;\">Familie: \u00a0\u00a0\u00a0\u00a0\u00a0\u00a0 \u00a0\u00a0\u00a0\u00a0\u00a0\u00a0 135,00 Euro<\/span><\/h3>\t\t\t\t\t\t\t\t<\/div>\n\t\t\t\t<\/div>\n\t\t\t\t\t<\/div>\n\t\t<\/div>\n\t\t\t\t\t<\/div>\n\t\t<\/section>\n\t\t\t\t<section class=\"elementor-section elementor-top-section elementor-element elementor-element-6884c93 elementor-section-boxed elementor-section-height-default elementor-section-height-default\" data-id=\"6884c93\" data-element_type=\"section\" data-e-type=\"section\">\n\t\t\t\t\t\t<div class=\"elementor-container elementor-column-gap-default\">\n\t\t\t\t\t<div class=\"elementor-column elementor-col-100 elementor-top-column elementor-element elementor-element-223470a\" data-id=\"223470a\" data-element_type=\"column\" data-e-type=\"column\">\n\t\t\t<div class=\"elementor-widget-wrap elementor-element-populated\">\n\t\t\t\t\t\t<div class=\"elementor-element elementor-element-4a8fc4c elementor-widget elementor-widget-text-editor\" data-id=\"4a8fc4c\" data-element_type=\"widget\" data-e-type=\"widget\" data-widget_type=\"text-editor.default\">\n\t\t\t\t<div class=\"elementor-widget-container\">\n\t\t\t\t\t\t\t\t\t<h3><span style=\"color: #000000;\">Downloads:<\/span><\/h3><h3><strong><a href=\"https:\/\/bwbienen.com\/Homepage\/wp-content\/uploads\/2024\/05\/Mitgliedsantrag-Januar-2024.pdf\">Mitgliedsantrag<\/a><\/strong><\/h3><h3><strong><a href=\"https:\/\/bwbienen.com\/Homepage\/wp-content\/uploads\/2024\/05\/Antrag_spielberechtigung.pdf\">Antrag auf Erteilung einer Spielberechtigung<\/a><\/strong><\/h3><h3><strong><a href=\"https:\/\/bwbienen.com\/Homepage\/wp-content\/uploads\/2024\/05\/Abmeldung-durch-aufnehmenden-Verein.pdf\">Einverst\u00e4ndniserkl\u00e4rung f\u00fcr die stellvertretende Abmeldung durch den aufnehmenden Verein <\/a><\/strong><strong style=\"font-size: 1.4rem;\">(nur f\u00fcr die Spielberechtigung)<\/strong><\/h3><div>\u00a0<\/div><div><em>Stand: Januar 2024<\/em><\/div>\t\t\t\t\t\t\t\t<\/div>\n\t\t\t\t<\/div>\n\t\t\t\t\t<\/div>\n\t\t<\/div>\n\t\t\t\t\t<\/div>\n\t\t<\/section>\n\t\t\t\t<\/div>\n\t\t","protected":false},"excerpt":{"rendered":"<p>Du willst Teil der Blau-Wei\u00dfen Familie werden? \u00a0 Dann melde dich an! \u00a0 Jahresbeitr\u00e4ge: (Zahlung halbj\u00e4hrig 15. Feb. und 15. Aug.) Erwachsene(r): 72,00 Euro Jugendliche(r): 48,00 Euro Familie: \u00a0\u00a0\u00a0\u00a0\u00a0\u00a0 \u00a0\u00a0\u00a0\u00a0\u00a0\u00a0 135,00 Euro Downloads: Mitgliedsantrag Antrag auf Erteilung einer Spielberechtigung Einverst\u00e4ndniserkl\u00e4rung f\u00fcr die stellvertretende Abmeldung durch den aufnehmenden Verein (nur f\u00fcr die Spielberechtigung) \u00a0Stand: Januar 2024<\/p>\n","protected":false},"author":3,"featured_media":0,"parent":118,"menu_order":3,"comment_status":"closed","ping_status":"closed","template":"","meta":{"footnotes":""},"class_list":["post-830","page","type-page","status-publish","hentry"],"yoast_head":"<!-- This site is optimized with the Yoast SEO plugin v27.4 - https:\/\/yoast.com\/product\/yoast-seo-wordpress\/ -->\n<title>Mitglied werden - BW Bienen<\/title>\n<meta name=\"robots\" content=\"index, follow, max-snippet:-1, max-image-preview:large, max-video-preview:-1\" \/>\n<link rel=\"canonical\" href=\"https:\/\/bwbienen.com\/Homepage\/verein\/mitglied-werden\/\" \/>\n<meta property=\"og:locale\" content=\"de_DE\" \/>\n<meta property=\"og:type\" content=\"article\" \/>\n<meta property=\"og:title\" content=\"Mitglied werden - BW Bienen\" \/>\n<meta property=\"og:description\" content=\"Du willst Teil der Blau-Wei\u00dfen Familie werden? \u00a0 Dann melde dich an! \u00a0 Jahresbeitr\u00e4ge: (Zahlung halbj\u00e4hrig 15. Feb. und 15. Aug.) Erwachsene(r): 72,00 Euro Jugendliche(r): 48,00 Euro Familie: \u00a0\u00a0\u00a0\u00a0\u00a0\u00a0 \u00a0\u00a0\u00a0\u00a0\u00a0\u00a0 135,00 Euro Downloads: Mitgliedsantrag Antrag auf Erteilung einer Spielberechtigung Einverst\u00e4ndniserkl\u00e4rung f\u00fcr die stellvertretende Abmeldung durch den aufnehmenden Verein (nur f\u00fcr die Spielberechtigung) \u00a0Stand: Januar 2024\" \/>\n<meta property=\"og:url\" content=\"https:\/\/bwbienen.com\/Homepage\/verein\/mitglied-werden\/\" \/>\n<meta property=\"og:site_name\" content=\"BW Bienen\" \/>\n<meta property=\"article:modified_time\" content=\"2024-05-27T22:57:29+00:00\" \/>\n<meta name=\"twitter:card\" content=\"summary_large_image\" \/>\n<meta name=\"twitter:label1\" content=\"Gesch\u00e4tzte Lesezeit\" \/>\n\t<meta name=\"twitter:data1\" content=\"1\u00a0Minute\" \/>\n<script type=\"application\/ld+json\" class=\"yoast-schema-graph\">{\"@context\":\"https:\\\/\\\/schema.org\",\"@graph\":[{\"@type\":\"WebPage\",\"@id\":\"https:\\\/\\\/bwbienen.com\\\/Homepage\\\/verein\\\/mitglied-werden\\\/\",\"url\":\"https:\\\/\\\/bwbienen.com\\\/Homepage\\\/verein\\\/mitglied-werden\\\/\",\"name\":\"Mitglied werden - BW Bienen\",\"isPartOf\":{\"@id\":\"https:\\\/\\\/bwbienen.com\\\/Homepage\\\/#website\"},\"datePublished\":\"2019-10-13T18:20:48+00:00\",\"dateModified\":\"2024-05-27T22:57:29+00:00\",\"breadcrumb\":{\"@id\":\"https:\\\/\\\/bwbienen.com\\\/Homepage\\\/verein\\\/mitglied-werden\\\/#breadcrumb\"},\"inLanguage\":\"de\",\"potentialAction\":[{\"@type\":\"ReadAction\",\"target\":[\"https:\\\/\\\/bwbienen.com\\\/Homepage\\\/verein\\\/mitglied-werden\\\/\"]}]},{\"@type\":\"BreadcrumbList\",\"@id\":\"https:\\\/\\\/bwbienen.com\\\/Homepage\\\/verein\\\/mitglied-werden\\\/#breadcrumb\",\"itemListElement\":[{\"@type\":\"ListItem\",\"position\":1,\"name\":\"Startseite\",\"item\":\"https:\\\/\\\/bwbienen.com\\\/Homepage\\\/\"},{\"@type\":\"ListItem\",\"position\":2,\"name\":\"Verein\",\"item\":\"https:\\\/\\\/bwbienen.com\\\/Homepage\\\/verein\\\/\"},{\"@type\":\"ListItem\",\"position\":3,\"name\":\"Mitglied werden\"}]},{\"@type\":\"WebSite\",\"@id\":\"https:\\\/\\\/bwbienen.com\\\/Homepage\\\/#website\",\"url\":\"https:\\\/\\\/bwbienen.com\\\/Homepage\\\/\",\"name\":\"BW Bienen\",\"description\":\"Der Fu\u00dfballverein am Niederrhein\",\"potentialAction\":[{\"@type\":\"SearchAction\",\"target\":{\"@type\":\"EntryPoint\",\"urlTemplate\":\"https:\\\/\\\/bwbienen.com\\\/Homepage\\\/?s={search_term_string}\"},\"query-input\":{\"@type\":\"PropertyValueSpecification\",\"valueRequired\":true,\"valueName\":\"search_term_string\"}}],\"inLanguage\":\"de\"}]}<\/script>\n<!-- \/ Yoast SEO plugin. -->","yoast_head_json":{"title":"Mitglied werden - BW Bienen","robots":{"index":"index","follow":"follow","max-snippet":"max-snippet:-1","max-image-preview":"max-image-preview:large","max-video-preview":"max-video-preview:-1"},"canonical":"https:\/\/bwbienen.com\/Homepage\/verein\/mitglied-werden\/","og_locale":"de_DE","og_type":"article","og_title":"Mitglied werden - BW Bienen","og_description":"Du willst Teil der Blau-Wei\u00dfen Familie werden? \u00a0 Dann melde dich an! \u00a0 Jahresbeitr\u00e4ge: (Zahlung halbj\u00e4hrig 15. Feb. und 15. Aug.) Erwachsene(r): 72,00 Euro Jugendliche(r): 48,00 Euro Familie: \u00a0\u00a0\u00a0\u00a0\u00a0\u00a0 \u00a0\u00a0\u00a0\u00a0\u00a0\u00a0 135,00 Euro Downloads: Mitgliedsantrag Antrag auf Erteilung einer Spielberechtigung Einverst\u00e4ndniserkl\u00e4rung f\u00fcr die stellvertretende Abmeldung durch den aufnehmenden Verein (nur f\u00fcr die Spielberechtigung) \u00a0Stand: Januar 2024","og_url":"https:\/\/bwbienen.com\/Homepage\/verein\/mitglied-werden\/","og_site_name":"BW Bienen","article_modified_time":"2024-05-27T22:57:29+00:00","twitter_card":"summary_large_image","twitter_misc":{"Gesch\u00e4tzte Lesezeit":"1\u00a0Minute"},"schema":{"@context":"https:\/\/schema.org","@graph":[{"@type":"WebPage","@id":"https:\/\/bwbienen.com\/Homepage\/verein\/mitglied-werden\/","url":"https:\/\/bwbienen.com\/Homepage\/verein\/mitglied-werden\/","name":"Mitglied werden - BW Bienen","isPartOf":{"@id":"https:\/\/bwbienen.com\/Homepage\/#website"},"datePublished":"2019-10-13T18:20:48+00:00","dateModified":"2024-05-27T22:57:29+00:00","breadcrumb":{"@id":"https:\/\/bwbienen.com\/Homepage\/verein\/mitglied-werden\/#breadcrumb"},"inLanguage":"de","potentialAction":[{"@type":"ReadAction","target":["https:\/\/bwbienen.com\/Homepage\/verein\/mitglied-werden\/"]}]},{"@type":"BreadcrumbList","@id":"https:\/\/bwbienen.com\/Homepage\/verein\/mitglied-werden\/#breadcrumb","itemListElement":[{"@type":"ListItem","position":1,"name":"Startseite","item":"https:\/\/bwbienen.com\/Homepage\/"},{"@type":"ListItem","position":2,"name":"Verein","item":"https:\/\/bwbienen.com\/Homepage\/verein\/"},{"@type":"ListItem","position":3,"name":"Mitglied werden"}]},{"@type":"WebSite","@id":"https:\/\/bwbienen.com\/Homepage\/#website","url":"https:\/\/bwbienen.com\/Homepage\/","name":"BW Bienen","description":"Der Fu\u00dfballverein am Niederrhein","potentialAction":[{"@type":"SearchAction","target":{"@type":"EntryPoint","urlTemplate":"https:\/\/bwbienen.com\/Homepage\/?s={search_term_string}"},"query-input":{"@type":"PropertyValueSpecification","valueRequired":true,"valueName":"search_term_string"}}],"inLanguage":"de"}]}},"_links":{"self":[{"href":"https:\/\/bwbienen.com\/Homepage\/wp-json\/wp\/v2\/pages\/830","targetHints":{"allow":["GET"]}}],"collection":[{"href":"https:\/\/bwbienen.com\/Homepage\/wp-json\/wp\/v2\/pages"}],"about":[{"href":"https:\/\/bwbienen.com\/Homepage\/wp-json\/wp\/v2\/types\/page"}],"author":[{"embeddable":true,"href":"https:\/\/bwbienen.com\/Homepage\/wp-json\/wp\/v2\/users\/3"}],"replies":[{"embeddable":true,"href":"https:\/\/bwbienen.com\/Homepage\/wp-json\/wp\/v2\/comments?post=830"}],"version-history":[{"count":13,"href":"https:\/\/bwbienen.com\/Homepage\/wp-json\/wp\/v2\/pages\/830\/revisions"}],"predecessor-version":[{"id":1774,"href":"https:\/\/bwbienen.com\/Homepage\/wp-json\/wp\/v2\/pages\/830\/revisions\/1774"}],"up":[{"embeddable":true,"href":"https:\/\/bwbienen.com\/Homepage\/wp-json\/wp\/v2\/pages\/118"}],"wp:attachment":[{"href":"https:\/\/bwbienen.com\/Homepage\/wp-json\/wp\/v2\/media?parent=830"}],"curies":[{"name":"wp","href":"https:\/\/api.w.org\/{rel}","templated":true}]}}