{"id":1860,"date":"2025-05-28T16:46:36","date_gmt":"2025-05-28T14:46:36","guid":{"rendered":"http:\/\/bwbienen.com\/Homepage\/?page_id=1860"},"modified":"2025-05-28T16:50:58","modified_gmt":"2025-05-28T14:50:58","slug":"kindertanzen","status":"publish","type":"page","link":"https:\/\/bwbienen.com\/Homepage\/mannschaften\/kindertanzen\/","title":{"rendered":"Kindertanzen"},"content":{"rendered":"<h3 data-start=\"178\" data-end=\"230\">\ud83d\udcc5 <strong data-start=\"181\" data-end=\"190\">Wann?<\/strong><\/h3>\n<p data-start=\"178\" data-end=\"230\">Jeden Dienstag<br data-start=\"207\" data-end=\"210\" \/>\ud83d\udd53 17:00 \u2013 18:00 Uhr<\/p>\n<h3 data-start=\"232\" data-end=\"331\"><strong>\ud83d\udc67 F\u00fcr wen?<\/strong><\/h3>\n<p data-start=\"232\" data-end=\"331\">F\u00fcr Kinder von <strong>6 bis 11 Jahren<\/strong><\/p>\n<h3 data-start=\"333\" data-end=\"565\">\ud83d\udc83 <strong data-start=\"336\" data-end=\"358\">Was erwartet euch?<\/strong><\/h3>\n<p data-start=\"333\" data-end=\"565\">Beim Kindertanzen entdecken die Kids mit Spa\u00df und Kreativit\u00e4t die Welt des Tanzes! Zu beliebten Popliedern aus dem Radio erlernen wir gemeinsam coole Choreografien. Dabei stehen Freude an Bewegung und musikalisches Gef\u00fchl im Vordergrund. Zwischendurch sorgen abwechslungsreiche Spiele f\u00fcr Auflockerung &#8211; und das Beste: Die Kinder d\u00fcrfen die Spielauswahl aktiv mitgestalten!<\/p>\n<p data-start=\"567\" data-end=\"579\">Wir st\u00e4rken:<\/p>\n<ul data-start=\"581\" data-end=\"691\">\n<li data-start=\"581\" data-end=\"611\">\n<p data-start=\"583\" data-end=\"611\">die <strong>K\u00f6rperwahrnehmung &amp; Koordination<\/strong><\/p>\n<\/li>\n<li data-start=\"612\" data-end=\"648\">\n<p data-start=\"614\" data-end=\"648\">das <strong>Rythmusgef\u00fchl<\/strong><\/p>\n<\/li>\n<li data-start=\"649\" data-end=\"691\">\n<p data-start=\"651\" data-end=\"691\">das <strong>Selbstbewusstsein<\/strong> der Kinder<\/p>\n<\/li>\n<li data-start=\"649\" data-end=\"691\">und den <strong>Teamgeist<\/strong><\/li>\n<\/ul>\n<h3 data-start=\"693\" data-end=\"715\">\ud83c\udf92 <strong data-start=\"696\" data-end=\"715\">Was mitbringen?<\/strong><\/h3>\n<ul data-start=\"717\" data-end=\"774\">\n<li data-start=\"717\" data-end=\"755\">\n<p data-start=\"719\" data-end=\"755\">Bequeme Kleidung und Tanzschl\u00e4ppchen oder Turnschuhe<\/p>\n<\/li>\n<li data-start=\"756\" data-end=\"774\">\n<p data-start=\"758\" data-end=\"774\">Etwas zu trinken<\/p>\n<\/li>\n<\/ul>\n<h3 data-start=\"776\" data-end=\"835\">\ud83d\udcde <strong data-start=\"779\" data-end=\"802\">Kontakt &amp; Anmeldung<\/strong><\/h3>\n<p data-start=\"776\" data-end=\"835\">Chiara Gr\u00f6nke<br data-start=\"817\" data-end=\"820\" \/>\ud83d\udcf1 0157 8572768<\/p>\n<p data-start=\"776\" data-end=\"835\">Melanie Beenen<br data-start=\"817\" data-end=\"820\" \/>\ud83d\udcf1 0176 81054463<\/p>\n<p data-start=\"776\" data-end=\"835\">\n","protected":false},"excerpt":{"rendered":"<p>\ud83d\udcc5 Wann? Jeden Dienstag\ud83d\udd53 17:00 \u2013 18:00 Uhr \ud83d\udc67 F\u00fcr wen? F\u00fcr Kinder von 6 bis 11 Jahren \ud83d\udc83 Was erwartet euch? Beim Kindertanzen entdecken die Kids mit Spa\u00df und Kreativit\u00e4t die Welt des Tanzes! Zu beliebten Popliedern aus dem Radio erlernen wir gemeinsam coole Choreografien. Dabei stehen Freude an Bewegung und musikalisches Gef\u00fchl im [&hellip;]<\/p>\n","protected":false},"author":4,"featured_media":0,"parent":103,"menu_order":0,"comment_status":"closed","ping_status":"closed","template":"","meta":{"footnotes":""},"class_list":["post-1860","page","type-page","status-publish","hentry"],"yoast_head":"<!-- This site is optimized with the Yoast SEO plugin v27.5 - https:\/\/yoast.com\/product\/yoast-seo-wordpress\/ -->\n<title>Kindertanzen - BW Bienen<\/title>\n<meta name=\"robots\" content=\"index, follow, max-snippet:-1, max-image-preview:large, max-video-preview:-1\" \/>\n<link rel=\"canonical\" href=\"https:\/\/bwbienen.com\/Homepage\/mannschaften\/kindertanzen\/\" \/>\n<meta property=\"og:locale\" content=\"de_DE\" \/>\n<meta property=\"og:type\" content=\"article\" \/>\n<meta property=\"og:title\" content=\"Kindertanzen - BW Bienen\" \/>\n<meta property=\"og:description\" content=\"\ud83d\udcc5 Wann? Jeden Dienstag\ud83d\udd53 17:00 \u2013 18:00 Uhr \ud83d\udc67 F\u00fcr wen? F\u00fcr Kinder von 6 bis 11 Jahren \ud83d\udc83 Was erwartet euch? Beim Kindertanzen entdecken die Kids mit Spa\u00df und Kreativit\u00e4t die Welt des Tanzes! Zu beliebten Popliedern aus dem Radio erlernen wir gemeinsam coole Choreografien. Dabei stehen Freude an Bewegung und musikalisches Gef\u00fchl im [&hellip;]\" \/>\n<meta property=\"og:url\" content=\"https:\/\/bwbienen.com\/Homepage\/mannschaften\/kindertanzen\/\" \/>\n<meta property=\"og:site_name\" content=\"BW Bienen\" \/>\n<meta property=\"article:modified_time\" content=\"2025-05-28T14:50:58+00:00\" \/>\n<meta name=\"twitter:card\" content=\"summary_large_image\" \/>\n<meta name=\"twitter:label1\" content=\"Gesch\u00e4tzte Lesezeit\" \/>\n\t<meta name=\"twitter:data1\" content=\"1\u00a0Minute\" \/>\n<script type=\"application\/ld+json\" class=\"yoast-schema-graph\">{\"@context\":\"https:\\\/\\\/schema.org\",\"@graph\":[{\"@type\":\"WebPage\",\"@id\":\"https:\\\/\\\/bwbienen.com\\\/Homepage\\\/mannschaften\\\/kindertanzen\\\/\",\"url\":\"https:\\\/\\\/bwbienen.com\\\/Homepage\\\/mannschaften\\\/kindertanzen\\\/\",\"name\":\"Kindertanzen - BW Bienen\",\"isPartOf\":{\"@id\":\"https:\\\/\\\/bwbienen.com\\\/Homepage\\\/#website\"},\"datePublished\":\"2025-05-28T14:46:36+00:00\",\"dateModified\":\"2025-05-28T14:50:58+00:00\",\"breadcrumb\":{\"@id\":\"https:\\\/\\\/bwbienen.com\\\/Homepage\\\/mannschaften\\\/kindertanzen\\\/#breadcrumb\"},\"inLanguage\":\"de\",\"potentialAction\":[{\"@type\":\"ReadAction\",\"target\":[\"https:\\\/\\\/bwbienen.com\\\/Homepage\\\/mannschaften\\\/kindertanzen\\\/\"]}]},{\"@type\":\"BreadcrumbList\",\"@id\":\"https:\\\/\\\/bwbienen.com\\\/Homepage\\\/mannschaften\\\/kindertanzen\\\/#breadcrumb\",\"itemListElement\":[{\"@type\":\"ListItem\",\"position\":1,\"name\":\"Startseite\",\"item\":\"https:\\\/\\\/bwbienen.com\\\/Homepage\\\/\"},{\"@type\":\"ListItem\",\"position\":2,\"name\":\"Unser Angebot\",\"item\":\"https:\\\/\\\/bwbienen.com\\\/Homepage\\\/mannschaften\\\/\"},{\"@type\":\"ListItem\",\"position\":3,\"name\":\"Kindertanzen\"}]},{\"@type\":\"WebSite\",\"@id\":\"https:\\\/\\\/bwbienen.com\\\/Homepage\\\/#website\",\"url\":\"https:\\\/\\\/bwbienen.com\\\/Homepage\\\/\",\"name\":\"BW Bienen\",\"description\":\"Der Fu\u00dfballverein am Niederrhein\",\"potentialAction\":[{\"@type\":\"SearchAction\",\"target\":{\"@type\":\"EntryPoint\",\"urlTemplate\":\"https:\\\/\\\/bwbienen.com\\\/Homepage\\\/?s={search_term_string}\"},\"query-input\":{\"@type\":\"PropertyValueSpecification\",\"valueRequired\":true,\"valueName\":\"search_term_string\"}}],\"inLanguage\":\"de\"}]}<\/script>\n<!-- \/ Yoast SEO plugin. -->","yoast_head_json":{"title":"Kindertanzen - BW Bienen","robots":{"index":"index","follow":"follow","max-snippet":"max-snippet:-1","max-image-preview":"max-image-preview:large","max-video-preview":"max-video-preview:-1"},"canonical":"https:\/\/bwbienen.com\/Homepage\/mannschaften\/kindertanzen\/","og_locale":"de_DE","og_type":"article","og_title":"Kindertanzen - BW Bienen","og_description":"\ud83d\udcc5 Wann? Jeden Dienstag\ud83d\udd53 17:00 \u2013 18:00 Uhr \ud83d\udc67 F\u00fcr wen? F\u00fcr Kinder von 6 bis 11 Jahren \ud83d\udc83 Was erwartet euch? Beim Kindertanzen entdecken die Kids mit Spa\u00df und Kreativit\u00e4t die Welt des Tanzes! Zu beliebten Popliedern aus dem Radio erlernen wir gemeinsam coole Choreografien. Dabei stehen Freude an Bewegung und musikalisches Gef\u00fchl im [&hellip;]","og_url":"https:\/\/bwbienen.com\/Homepage\/mannschaften\/kindertanzen\/","og_site_name":"BW Bienen","article_modified_time":"2025-05-28T14:50:58+00:00","twitter_card":"summary_large_image","twitter_misc":{"Gesch\u00e4tzte Lesezeit":"1\u00a0Minute"},"schema":{"@context":"https:\/\/schema.org","@graph":[{"@type":"WebPage","@id":"https:\/\/bwbienen.com\/Homepage\/mannschaften\/kindertanzen\/","url":"https:\/\/bwbienen.com\/Homepage\/mannschaften\/kindertanzen\/","name":"Kindertanzen - BW Bienen","isPartOf":{"@id":"https:\/\/bwbienen.com\/Homepage\/#website"},"datePublished":"2025-05-28T14:46:36+00:00","dateModified":"2025-05-28T14:50:58+00:00","breadcrumb":{"@id":"https:\/\/bwbienen.com\/Homepage\/mannschaften\/kindertanzen\/#breadcrumb"},"inLanguage":"de","potentialAction":[{"@type":"ReadAction","target":["https:\/\/bwbienen.com\/Homepage\/mannschaften\/kindertanzen\/"]}]},{"@type":"BreadcrumbList","@id":"https:\/\/bwbienen.com\/Homepage\/mannschaften\/kindertanzen\/#breadcrumb","itemListElement":[{"@type":"ListItem","position":1,"name":"Startseite","item":"https:\/\/bwbienen.com\/Homepage\/"},{"@type":"ListItem","position":2,"name":"Unser Angebot","item":"https:\/\/bwbienen.com\/Homepage\/mannschaften\/"},{"@type":"ListItem","position":3,"name":"Kindertanzen"}]},{"@type":"WebSite","@id":"https:\/\/bwbienen.com\/Homepage\/#website","url":"https:\/\/bwbienen.com\/Homepage\/","name":"BW Bienen","description":"Der Fu\u00dfballverein am Niederrhein","potentialAction":[{"@type":"SearchAction","target":{"@type":"EntryPoint","urlTemplate":"https:\/\/bwbienen.com\/Homepage\/?s={search_term_string}"},"query-input":{"@type":"PropertyValueSpecification","valueRequired":true,"valueName":"search_term_string"}}],"inLanguage":"de"}]}},"_links":{"self":[{"href":"https:\/\/bwbienen.com\/Homepage\/wp-json\/wp\/v2\/pages\/1860","targetHints":{"allow":["GET"]}}],"collection":[{"href":"https:\/\/bwbienen.com\/Homepage\/wp-json\/wp\/v2\/pages"}],"about":[{"href":"https:\/\/bwbienen.com\/Homepage\/wp-json\/wp\/v2\/types\/page"}],"author":[{"embeddable":true,"href":"https:\/\/bwbienen.com\/Homepage\/wp-json\/wp\/v2\/users\/4"}],"replies":[{"embeddable":true,"href":"https:\/\/bwbienen.com\/Homepage\/wp-json\/wp\/v2\/comments?post=1860"}],"version-history":[{"count":4,"href":"https:\/\/bwbienen.com\/Homepage\/wp-json\/wp\/v2\/pages\/1860\/revisions"}],"predecessor-version":[{"id":1865,"href":"https:\/\/bwbienen.com\/Homepage\/wp-json\/wp\/v2\/pages\/1860\/revisions\/1865"}],"up":[{"embeddable":true,"href":"https:\/\/bwbienen.com\/Homepage\/wp-json\/wp\/v2\/pages\/103"}],"wp:attachment":[{"href":"https:\/\/bwbienen.com\/Homepage\/wp-json\/wp\/v2\/media?parent=1860"}],"curies":[{"name":"wp","href":"https:\/\/api.w.org\/{rel}","templated":true}]}}