{"id":1804,"date":"2025-05-23T16:52:11","date_gmt":"2025-05-23T14:52:11","guid":{"rendered":"http:\/\/bwbienen.com\/Homepage\/?page_id=1804"},"modified":"2025-05-23T18:52:55","modified_gmt":"2025-05-23T16:52:55","slug":"eltern-kind-turnen","status":"publish","type":"page","link":"https:\/\/bwbienen.com\/Homepage\/mannschaften\/eltern-kind-turnen\/","title":{"rendered":"Eltern-Kind-Turnen"},"content":{"rendered":"<h3 data-start=\"426\" data-end=\"438\">\ud83d\udcc5 Wann?<\/h3>\n<p data-start=\"439\" data-end=\"510\"><strong data-start=\"439\" data-end=\"460\">Ab dem 04.09.2025<\/strong><br data-start=\"460\" data-end=\"463\" \/>Jeden Donnerstag<br data-start=\"483\" data-end=\"486\" \/>\ud83d\udd53 16:00 \u2013 17:00 Uhr<\/p>\n<hr data-start=\"512\" data-end=\"515\" \/>\n<h3 data-start=\"517\" data-end=\"532\">\ud83d\udc6a F\u00fcr wen?<\/h3>\n<p data-start=\"533\" data-end=\"631\">F\u00fcr Eltern mit Kindern von <strong data-start=\"560\" data-end=\"580\">1 bis 3,5 Jahren<\/strong><br data-start=\"580\" data-end=\"583\" \/>Ein Angebot voller <strong data-start=\"602\" data-end=\"631\">Bewegung, Spiel und Spa\u00df!<\/strong><\/p>\n<hr data-start=\"633\" data-end=\"636\" \/>\n<h3 data-start=\"638\" data-end=\"663\">\ud83d\ude80 Was erwartet euch?<\/h3>\n<p data-start=\"665\" data-end=\"828\">Kinder wollen sich bewegen \u2013 <strong data-start=\"694\" data-end=\"750\">rennen, toben, klettern, springen, h\u00fcpfen und tanzen<\/strong>.<br data-start=\"751\" data-end=\"754\" \/>Gemeinsam mit den Eltern entdecken wir spielerisch die Freude an Bewegung.<\/p>\n<p data-start=\"830\" data-end=\"842\">Wir f\u00f6rdern:<\/p>\n<ul data-start=\"843\" data-end=\"991\">\n<li data-start=\"843\" data-end=\"877\">\n<p data-start=\"845\" data-end=\"877\">die nat\u00fcrliche <strong data-start=\"860\" data-end=\"877\">Bewegungslust<\/strong><\/p>\n<\/li>\n<li data-start=\"878\" data-end=\"914\">\n<p data-start=\"880\" data-end=\"914\">das <strong data-start=\"884\" data-end=\"903\">Selbstvertrauen<\/strong> der Kinder<\/p>\n<\/li>\n<li data-start=\"915\" data-end=\"991\">\n<p data-start=\"917\" data-end=\"991\">und sammeln <strong data-start=\"929\" data-end=\"958\">neue Bewegungserfahrungen<\/strong> \u2013 gemeinsam und mit viel Freude!<\/p>\n<\/li>\n<\/ul>\n<hr data-start=\"993\" data-end=\"996\" \/>\n<h3 data-start=\"998\" data-end=\"1020\">\ud83c\udf92 Was mitbringen?<\/h3>\n<ul data-start=\"1021\" data-end=\"1100\">\n<li data-start=\"1021\" data-end=\"1065\">\n<p data-start=\"1023\" data-end=\"1065\"><strong data-start=\"1023\" data-end=\"1042\">Turnschl\u00e4ppchen<\/strong> oder <strong data-start=\"1048\" data-end=\"1065\">Stoppersocken<\/strong><\/p>\n<\/li>\n<li data-start=\"1066\" data-end=\"1100\">\n<p data-start=\"1068\" data-end=\"1100\"><strong data-start=\"1068\" data-end=\"1080\">Getr\u00e4nke<\/strong> f\u00fcr Kind und Eltern<\/p>\n<\/li>\n<\/ul>\n<hr data-start=\"1102\" data-end=\"1105\" \/>\n<h3 data-start=\"1107\" data-end=\"1133\">\ud83d\udcde Kontakt &amp; Anmeldung<\/h3>\n<h4 data-start=\"1135\" data-end=\"1156\">Jennifer Heide<\/h4>\n<p data-start=\"1157\" data-end=\"1177\">\ud83d\udcf1 <strong data-start=\"1160\" data-end=\"1177\">0151 42484578<\/strong><\/p>\n<h4 data-start=\"1179\" data-end=\"1200\">Sabrina Ricken<\/h4>\n<p data-start=\"1201\" data-end=\"1221\">\ud83d\udcf1 <strong data-start=\"1204\" data-end=\"1221\">0157 85055859<\/strong><\/p>\n","protected":false},"excerpt":{"rendered":"<p>\ud83d\udcc5 Wann? Ab dem 04.09.2025Jeden Donnerstag\ud83d\udd53 16:00 \u2013 17:00 Uhr \ud83d\udc6a F\u00fcr wen? F\u00fcr Eltern mit Kindern von 1 bis 3,5 JahrenEin Angebot voller Bewegung, Spiel und Spa\u00df! \ud83d\ude80 Was erwartet euch? Kinder wollen sich bewegen \u2013 rennen, toben, klettern, springen, h\u00fcpfen und tanzen.Gemeinsam mit den Eltern entdecken wir spielerisch die Freude an Bewegung. Wir [&hellip;]<\/p>\n","protected":false},"author":4,"featured_media":0,"parent":103,"menu_order":5,"comment_status":"closed","ping_status":"closed","template":"","meta":{"footnotes":""},"class_list":["post-1804","page","type-page","status-publish","hentry"],"yoast_head":"<!-- This site is optimized with the Yoast SEO plugin v27.5 - https:\/\/yoast.com\/product\/yoast-seo-wordpress\/ -->\n<title>Eltern-Kind-Turnen - BW Bienen<\/title>\n<meta name=\"robots\" content=\"index, follow, max-snippet:-1, max-image-preview:large, max-video-preview:-1\" \/>\n<link rel=\"canonical\" href=\"https:\/\/bwbienen.com\/Homepage\/mannschaften\/eltern-kind-turnen\/\" \/>\n<meta property=\"og:locale\" content=\"de_DE\" \/>\n<meta property=\"og:type\" content=\"article\" \/>\n<meta property=\"og:title\" content=\"Eltern-Kind-Turnen - BW Bienen\" \/>\n<meta property=\"og:description\" content=\"\ud83d\udcc5 Wann? Ab dem 04.09.2025Jeden Donnerstag\ud83d\udd53 16:00 \u2013 17:00 Uhr \ud83d\udc6a F\u00fcr wen? F\u00fcr Eltern mit Kindern von 1 bis 3,5 JahrenEin Angebot voller Bewegung, Spiel und Spa\u00df! \ud83d\ude80 Was erwartet euch? Kinder wollen sich bewegen \u2013 rennen, toben, klettern, springen, h\u00fcpfen und tanzen.Gemeinsam mit den Eltern entdecken wir spielerisch die Freude an Bewegung. Wir [&hellip;]\" \/>\n<meta property=\"og:url\" content=\"https:\/\/bwbienen.com\/Homepage\/mannschaften\/eltern-kind-turnen\/\" \/>\n<meta property=\"og:site_name\" content=\"BW Bienen\" \/>\n<meta property=\"article:modified_time\" content=\"2025-05-23T16:52:55+00:00\" \/>\n<meta name=\"twitter:card\" content=\"summary_large_image\" \/>\n<meta name=\"twitter:label1\" content=\"Gesch\u00e4tzte Lesezeit\" \/>\n\t<meta name=\"twitter:data1\" content=\"1\u00a0Minute\" \/>\n<script type=\"application\/ld+json\" class=\"yoast-schema-graph\">{\"@context\":\"https:\\\/\\\/schema.org\",\"@graph\":[{\"@type\":\"WebPage\",\"@id\":\"https:\\\/\\\/bwbienen.com\\\/Homepage\\\/mannschaften\\\/eltern-kind-turnen\\\/\",\"url\":\"https:\\\/\\\/bwbienen.com\\\/Homepage\\\/mannschaften\\\/eltern-kind-turnen\\\/\",\"name\":\"Eltern-Kind-Turnen - BW Bienen\",\"isPartOf\":{\"@id\":\"https:\\\/\\\/bwbienen.com\\\/Homepage\\\/#website\"},\"datePublished\":\"2025-05-23T14:52:11+00:00\",\"dateModified\":\"2025-05-23T16:52:55+00:00\",\"breadcrumb\":{\"@id\":\"https:\\\/\\\/bwbienen.com\\\/Homepage\\\/mannschaften\\\/eltern-kind-turnen\\\/#breadcrumb\"},\"inLanguage\":\"de\",\"potentialAction\":[{\"@type\":\"ReadAction\",\"target\":[\"https:\\\/\\\/bwbienen.com\\\/Homepage\\\/mannschaften\\\/eltern-kind-turnen\\\/\"]}]},{\"@type\":\"BreadcrumbList\",\"@id\":\"https:\\\/\\\/bwbienen.com\\\/Homepage\\\/mannschaften\\\/eltern-kind-turnen\\\/#breadcrumb\",\"itemListElement\":[{\"@type\":\"ListItem\",\"position\":1,\"name\":\"Startseite\",\"item\":\"https:\\\/\\\/bwbienen.com\\\/Homepage\\\/\"},{\"@type\":\"ListItem\",\"position\":2,\"name\":\"Unser Angebot\",\"item\":\"https:\\\/\\\/bwbienen.com\\\/Homepage\\\/mannschaften\\\/\"},{\"@type\":\"ListItem\",\"position\":3,\"name\":\"Eltern-Kind-Turnen\"}]},{\"@type\":\"WebSite\",\"@id\":\"https:\\\/\\\/bwbienen.com\\\/Homepage\\\/#website\",\"url\":\"https:\\\/\\\/bwbienen.com\\\/Homepage\\\/\",\"name\":\"BW Bienen\",\"description\":\"Der Fu\u00dfballverein am Niederrhein\",\"potentialAction\":[{\"@type\":\"SearchAction\",\"target\":{\"@type\":\"EntryPoint\",\"urlTemplate\":\"https:\\\/\\\/bwbienen.com\\\/Homepage\\\/?s={search_term_string}\"},\"query-input\":{\"@type\":\"PropertyValueSpecification\",\"valueRequired\":true,\"valueName\":\"search_term_string\"}}],\"inLanguage\":\"de\"}]}<\/script>\n<!-- \/ Yoast SEO plugin. -->","yoast_head_json":{"title":"Eltern-Kind-Turnen - BW Bienen","robots":{"index":"index","follow":"follow","max-snippet":"max-snippet:-1","max-image-preview":"max-image-preview:large","max-video-preview":"max-video-preview:-1"},"canonical":"https:\/\/bwbienen.com\/Homepage\/mannschaften\/eltern-kind-turnen\/","og_locale":"de_DE","og_type":"article","og_title":"Eltern-Kind-Turnen - BW Bienen","og_description":"\ud83d\udcc5 Wann? Ab dem 04.09.2025Jeden Donnerstag\ud83d\udd53 16:00 \u2013 17:00 Uhr \ud83d\udc6a F\u00fcr wen? F\u00fcr Eltern mit Kindern von 1 bis 3,5 JahrenEin Angebot voller Bewegung, Spiel und Spa\u00df! \ud83d\ude80 Was erwartet euch? Kinder wollen sich bewegen \u2013 rennen, toben, klettern, springen, h\u00fcpfen und tanzen.Gemeinsam mit den Eltern entdecken wir spielerisch die Freude an Bewegung. Wir [&hellip;]","og_url":"https:\/\/bwbienen.com\/Homepage\/mannschaften\/eltern-kind-turnen\/","og_site_name":"BW Bienen","article_modified_time":"2025-05-23T16:52:55+00:00","twitter_card":"summary_large_image","twitter_misc":{"Gesch\u00e4tzte Lesezeit":"1\u00a0Minute"},"schema":{"@context":"https:\/\/schema.org","@graph":[{"@type":"WebPage","@id":"https:\/\/bwbienen.com\/Homepage\/mannschaften\/eltern-kind-turnen\/","url":"https:\/\/bwbienen.com\/Homepage\/mannschaften\/eltern-kind-turnen\/","name":"Eltern-Kind-Turnen - BW Bienen","isPartOf":{"@id":"https:\/\/bwbienen.com\/Homepage\/#website"},"datePublished":"2025-05-23T14:52:11+00:00","dateModified":"2025-05-23T16:52:55+00:00","breadcrumb":{"@id":"https:\/\/bwbienen.com\/Homepage\/mannschaften\/eltern-kind-turnen\/#breadcrumb"},"inLanguage":"de","potentialAction":[{"@type":"ReadAction","target":["https:\/\/bwbienen.com\/Homepage\/mannschaften\/eltern-kind-turnen\/"]}]},{"@type":"BreadcrumbList","@id":"https:\/\/bwbienen.com\/Homepage\/mannschaften\/eltern-kind-turnen\/#breadcrumb","itemListElement":[{"@type":"ListItem","position":1,"name":"Startseite","item":"https:\/\/bwbienen.com\/Homepage\/"},{"@type":"ListItem","position":2,"name":"Unser Angebot","item":"https:\/\/bwbienen.com\/Homepage\/mannschaften\/"},{"@type":"ListItem","position":3,"name":"Eltern-Kind-Turnen"}]},{"@type":"WebSite","@id":"https:\/\/bwbienen.com\/Homepage\/#website","url":"https:\/\/bwbienen.com\/Homepage\/","name":"BW Bienen","description":"Der Fu\u00dfballverein am Niederrhein","potentialAction":[{"@type":"SearchAction","target":{"@type":"EntryPoint","urlTemplate":"https:\/\/bwbienen.com\/Homepage\/?s={search_term_string}"},"query-input":{"@type":"PropertyValueSpecification","valueRequired":true,"valueName":"search_term_string"}}],"inLanguage":"de"}]}},"_links":{"self":[{"href":"https:\/\/bwbienen.com\/Homepage\/wp-json\/wp\/v2\/pages\/1804","targetHints":{"allow":["GET"]}}],"collection":[{"href":"https:\/\/bwbienen.com\/Homepage\/wp-json\/wp\/v2\/pages"}],"about":[{"href":"https:\/\/bwbienen.com\/Homepage\/wp-json\/wp\/v2\/types\/page"}],"author":[{"embeddable":true,"href":"https:\/\/bwbienen.com\/Homepage\/wp-json\/wp\/v2\/users\/4"}],"replies":[{"embeddable":true,"href":"https:\/\/bwbienen.com\/Homepage\/wp-json\/wp\/v2\/comments?post=1804"}],"version-history":[{"count":2,"href":"https:\/\/bwbienen.com\/Homepage\/wp-json\/wp\/v2\/pages\/1804\/revisions"}],"predecessor-version":[{"id":1840,"href":"https:\/\/bwbienen.com\/Homepage\/wp-json\/wp\/v2\/pages\/1804\/revisions\/1840"}],"up":[{"embeddable":true,"href":"https:\/\/bwbienen.com\/Homepage\/wp-json\/wp\/v2\/pages\/103"}],"wp:attachment":[{"href":"https:\/\/bwbienen.com\/Homepage\/wp-json\/wp\/v2\/media?parent=1804"}],"curies":[{"name":"wp","href":"https:\/\/api.w.org\/{rel}","templated":true}]}}