{"id":128,"date":"2018-01-12T11:05:49","date_gmt":"2018-01-12T10:05:49","guid":{"rendered":"http:\/\/bwbienen.com\/Homepage\/?page_id=128"},"modified":"2025-10-15T11:42:50","modified_gmt":"2025-10-15T09:42:50","slug":"platzanlage","status":"publish","type":"page","link":"https:\/\/bwbienen.com\/Homepage\/platzanlage\/","title":{"rendered":"Rhein-Lander Stadion"},"content":{"rendered":"\r\n<figure class=\"wp-block-image\"><img fetchpriority=\"high\" decoding=\"async\" width=\"1024\" height=\"575\" class=\"wp-image-756\" src=\"https:\/\/bwbienen.com\/Homepage\/wp-content\/uploads\/2019\/09\/IMG-20190902-WA0005-1024x575.jpg\" alt=\"\" srcset=\"https:\/\/bwbienen.com\/Homepage\/wp-content\/uploads\/2019\/09\/IMG-20190902-WA0005.jpg 1024w, https:\/\/bwbienen.com\/Homepage\/wp-content\/uploads\/2019\/09\/IMG-20190902-WA0005-300x168.jpg 300w, https:\/\/bwbienen.com\/Homepage\/wp-content\/uploads\/2019\/09\/IMG-20190902-WA0005-768x431.jpg 768w, https:\/\/bwbienen.com\/Homepage\/wp-content\/uploads\/2019\/09\/IMG-20190902-WA0005-2x1.jpg 2w, https:\/\/bwbienen.com\/Homepage\/wp-content\/uploads\/2019\/09\/IMG-20190902-WA0005-700x394.jpg 700w\" sizes=\"(max-width: 1024px) 100vw, 1024px\" \/>\r\n<figcaption>Rhein-Lander Stadion<\/figcaption>\r\n<\/figure>\r\n\r\n\r\n\r\n<h2 class=\"wp-block-heading\" data-start=\"209\" data-end=\"260\">\ud83c\udf9f\ufe0f Eintrittspreise \u2013 Spiele der 1. Mannschaft<\/h2>\r\n<ul data-start=\"262\" data-end=\"454\">\r\n<li data-start=\"262\" data-end=\"288\">\r\n<p data-start=\"264\" data-end=\"288\"><strong data-start=\"264\" data-end=\"279\">Erwachsene:<\/strong> 3,00 \u20ac<\/p>\r\n<\/li>\r\n<li data-start=\"289\" data-end=\"315\">\r\n<p data-start=\"291\" data-end=\"315\"><strong data-start=\"291\" data-end=\"306\">Mitglieder:<\/strong> 1,00 \u20ac<\/p>\r\n<\/li>\r\n<li data-start=\"316\" data-end=\"345\">\r\n<p data-start=\"318\" data-end=\"345\"><strong data-start=\"318\" data-end=\"336\">Rentner:innen:<\/strong> 2,00 \u20ac<\/p>\r\n<\/li>\r\n<li data-start=\"346\" data-end=\"410\">\r\n<p data-start=\"348\" data-end=\"410\"><strong data-start=\"348\" data-end=\"390\">Kinder und Jugendliche (bis 18 Jahre):<\/strong> <em data-start=\"391\" data-end=\"408\">freier Eintritt<\/em><\/p>\r\n<\/li>\r\n<li data-start=\"411\" data-end=\"454\">\r\n<p data-start=\"413\" data-end=\"454\"><strong data-start=\"413\" data-end=\"434\">Schwerbehinderte:<\/strong> <em data-start=\"435\" data-end=\"452\">freier Eintritt<\/em><\/p>\r\n<\/li>\r\n<\/ul>\r\n<h2 data-start=\"456\" data-end=\"504\">\ud83d\udc49 Spiele der 2. Mannschaft: <em data-start=\"489\" data-end=\"504\">Eintritt frei<\/em><\/h2>\r\n\r\n\r\n\r\n<p>&nbsp;<\/p>\r\n\r\n\r\n\r\n<p>&nbsp;<\/p>\r\n\r\n\r\n\r\n<h2 class=\"wp-block-heading\"><strong>\u00dcbersicht Platzanlage<\/strong><\/h2>\r\n\r\n\r\n\r\n<figure class=\"wp-block-image\"><img decoding=\"async\" width=\"1024\" height=\"575\" class=\"wp-image-759\" src=\"https:\/\/bwbienen.com\/Homepage\/wp-content\/uploads\/2019\/09\/IMG-20190902-WA0003-1024x575.jpg\" alt=\"\" srcset=\"https:\/\/bwbienen.com\/Homepage\/wp-content\/uploads\/2019\/09\/IMG-20190902-WA0003.jpg 1024w, https:\/\/bwbienen.com\/Homepage\/wp-content\/uploads\/2019\/09\/IMG-20190902-WA0003-300x168.jpg 300w, https:\/\/bwbienen.com\/Homepage\/wp-content\/uploads\/2019\/09\/IMG-20190902-WA0003-768x431.jpg 768w, https:\/\/bwbienen.com\/Homepage\/wp-content\/uploads\/2019\/09\/IMG-20190902-WA0003-2x1.jpg 2w, https:\/\/bwbienen.com\/Homepage\/wp-content\/uploads\/2019\/09\/IMG-20190902-WA0003-700x394.jpg 700w\" sizes=\"(max-width: 1024px) 100vw, 1024px\" \/><\/figure>\r\n\r\n\r\n\r\n<figure class=\"wp-block-image\"><img decoding=\"async\" width=\"659\" height=\"371\" class=\"wp-image-702\" src=\"https:\/\/bwbienen.com\/Homepage\/wp-content\/uploads\/2019\/03\/Platzanlage.jpg\" alt=\"\" srcset=\"https:\/\/bwbienen.com\/Homepage\/wp-content\/uploads\/2019\/03\/Platzanlage.jpg 659w, https:\/\/bwbienen.com\/Homepage\/wp-content\/uploads\/2019\/03\/Platzanlage-300x169.jpg 300w, https:\/\/bwbienen.com\/Homepage\/wp-content\/uploads\/2019\/03\/Platzanlage-2x1.jpg 2w\" sizes=\"(max-width: 659px) 100vw, 659px\" \/>\r\n<figcaption>&#8211; Die Hauptpl\u00e4tze sind ausschlie\u00dflich f\u00fcr den Spiel- und Trainingsbetrieb zu nutzen.<br \/>&#8211; Die Nebenpl\u00e4tze d\u00fcrfen f\u00fcr den Trainings- und Freizeitbetrieb verwendet werden.<br \/><br \/><\/figcaption>\r\n<\/figure>\r\n\r\n\r\n\r\n<figure class=\"wp-block-image\"><img loading=\"lazy\" decoding=\"async\" width=\"1024\" height=\"576\" class=\"wp-image-758\" src=\"https:\/\/bwbienen.com\/Homepage\/wp-content\/uploads\/2019\/09\/IMG-20190831-WA0003-1024x576.jpg\" alt=\"\" srcset=\"https:\/\/bwbienen.com\/Homepage\/wp-content\/uploads\/2019\/09\/IMG-20190831-WA0003-1024x576.jpg 1024w, https:\/\/bwbienen.com\/Homepage\/wp-content\/uploads\/2019\/09\/IMG-20190831-WA0003-300x169.jpg 300w, https:\/\/bwbienen.com\/Homepage\/wp-content\/uploads\/2019\/09\/IMG-20190831-WA0003-768x432.jpg 768w, https:\/\/bwbienen.com\/Homepage\/wp-content\/uploads\/2019\/09\/IMG-20190831-WA0003-2x1.jpg 2w, https:\/\/bwbienen.com\/Homepage\/wp-content\/uploads\/2019\/09\/IMG-20190831-WA0003-700x394.jpg 700w, https:\/\/bwbienen.com\/Homepage\/wp-content\/uploads\/2019\/09\/IMG-20190831-WA0003.jpg 1600w\" sizes=\"(max-width: 1024px) 100vw, 1024px\" \/>\r\n<figcaption>Hauptplatz von oben<\/figcaption>\r\n<\/figure>\r\n\r\n\r\n\r\n<h2 class=\"wp-block-heading\">Clubheim<\/h2>\r\n\r\n\r\n\r\n<figure class=\"wp-block-image\"><img loading=\"lazy\" decoding=\"async\" width=\"1024\" height=\"575\" class=\"wp-image-760\" src=\"https:\/\/bwbienen.com\/Homepage\/wp-content\/uploads\/2019\/09\/IMG-20190902-WA0004-1024x575.jpg\" alt=\"\" srcset=\"https:\/\/bwbienen.com\/Homepage\/wp-content\/uploads\/2019\/09\/IMG-20190902-WA0004.jpg 1024w, https:\/\/bwbienen.com\/Homepage\/wp-content\/uploads\/2019\/09\/IMG-20190902-WA0004-300x168.jpg 300w, https:\/\/bwbienen.com\/Homepage\/wp-content\/uploads\/2019\/09\/IMG-20190902-WA0004-768x431.jpg 768w, https:\/\/bwbienen.com\/Homepage\/wp-content\/uploads\/2019\/09\/IMG-20190902-WA0004-2x1.jpg 2w, https:\/\/bwbienen.com\/Homepage\/wp-content\/uploads\/2019\/09\/IMG-20190902-WA0004-700x394.jpg 700w\" sizes=\"(max-width: 1024px) 100vw, 1024px\" \/>\r\n<figcaption>Vereinsheim &#8211; bewirtet durch Familie Erzi<\/figcaption>\r\n<\/figure>\r\n","protected":false},"excerpt":{"rendered":"<p>\ud83c\udf9f\ufe0f Eintrittspreise \u2013 Spiele der 1. Mannschaft Erwachsene: 3,00 \u20ac Mitglieder: 1,00 \u20ac Rentner:innen: 2,00 \u20ac Kinder und Jugendliche (bis 18 Jahre): freier Eintritt Schwerbehinderte: freier Eintritt \ud83d\udc49 Spiele der 2. Mannschaft: Eintritt frei &nbsp; &nbsp; \u00dcbersicht Platzanlage Clubheim<\/p>\n","protected":false},"author":2,"featured_media":0,"parent":0,"menu_order":5,"comment_status":"closed","ping_status":"closed","template":"","meta":{"footnotes":""},"class_list":["post-128","page","type-page","status-publish","hentry"],"yoast_head":"<!-- This site is optimized with the Yoast SEO plugin v27.4 - https:\/\/yoast.com\/product\/yoast-seo-wordpress\/ -->\n<title>Rhein-Lander Stadion - BW Bienen<\/title>\n<meta name=\"robots\" content=\"index, follow, max-snippet:-1, max-image-preview:large, max-video-preview:-1\" \/>\n<link rel=\"canonical\" href=\"https:\/\/bwbienen.com\/Homepage\/platzanlage\/\" \/>\n<meta property=\"og:locale\" content=\"de_DE\" \/>\n<meta property=\"og:type\" content=\"article\" \/>\n<meta property=\"og:title\" content=\"Rhein-Lander Stadion - BW Bienen\" \/>\n<meta property=\"og:description\" content=\"\ud83c\udf9f\ufe0f Eintrittspreise \u2013 Spiele der 1. Mannschaft Erwachsene: 3,00 \u20ac Mitglieder: 1,00 \u20ac Rentner:innen: 2,00 \u20ac Kinder und Jugendliche (bis 18 Jahre): freier Eintritt Schwerbehinderte: freier Eintritt \ud83d\udc49 Spiele der 2. Mannschaft: Eintritt frei &nbsp; &nbsp; \u00dcbersicht Platzanlage Clubheim\" \/>\n<meta property=\"og:url\" content=\"https:\/\/bwbienen.com\/Homepage\/platzanlage\/\" \/>\n<meta property=\"og:site_name\" content=\"BW Bienen\" \/>\n<meta property=\"article:modified_time\" content=\"2025-10-15T09:42:50+00:00\" \/>\n<meta property=\"og:image\" content=\"http:\/\/bwbienen.com\/Homepage\/wp-content\/uploads\/2019\/09\/IMG-20190902-WA0005-1024x575.jpg\" \/>\n<meta name=\"twitter:card\" content=\"summary_large_image\" \/>\n<meta name=\"twitter:label1\" content=\"Gesch\u00e4tzte Lesezeit\" \/>\n\t<meta name=\"twitter:data1\" content=\"2\u00a0Minuten\" \/>\n<script type=\"application\/ld+json\" class=\"yoast-schema-graph\">{\"@context\":\"https:\\\/\\\/schema.org\",\"@graph\":[{\"@type\":\"WebPage\",\"@id\":\"https:\\\/\\\/bwbienen.com\\\/Homepage\\\/platzanlage\\\/\",\"url\":\"https:\\\/\\\/bwbienen.com\\\/Homepage\\\/platzanlage\\\/\",\"name\":\"Rhein-Lander Stadion - BW Bienen\",\"isPartOf\":{\"@id\":\"https:\\\/\\\/bwbienen.com\\\/Homepage\\\/#website\"},\"primaryImageOfPage\":{\"@id\":\"https:\\\/\\\/bwbienen.com\\\/Homepage\\\/platzanlage\\\/#primaryimage\"},\"image\":{\"@id\":\"https:\\\/\\\/bwbienen.com\\\/Homepage\\\/platzanlage\\\/#primaryimage\"},\"thumbnailUrl\":\"http:\\\/\\\/bwbienen.com\\\/Homepage\\\/wp-content\\\/uploads\\\/2019\\\/09\\\/IMG-20190902-WA0005-1024x575.jpg\",\"datePublished\":\"2018-01-12T10:05:49+00:00\",\"dateModified\":\"2025-10-15T09:42:50+00:00\",\"breadcrumb\":{\"@id\":\"https:\\\/\\\/bwbienen.com\\\/Homepage\\\/platzanlage\\\/#breadcrumb\"},\"inLanguage\":\"de\",\"potentialAction\":[{\"@type\":\"ReadAction\",\"target\":[\"https:\\\/\\\/bwbienen.com\\\/Homepage\\\/platzanlage\\\/\"]}]},{\"@type\":\"ImageObject\",\"inLanguage\":\"de\",\"@id\":\"https:\\\/\\\/bwbienen.com\\\/Homepage\\\/platzanlage\\\/#primaryimage\",\"url\":\"http:\\\/\\\/bwbienen.com\\\/Homepage\\\/wp-content\\\/uploads\\\/2019\\\/09\\\/IMG-20190902-WA0005-1024x575.jpg\",\"contentUrl\":\"http:\\\/\\\/bwbienen.com\\\/Homepage\\\/wp-content\\\/uploads\\\/2019\\\/09\\\/IMG-20190902-WA0005-1024x575.jpg\"},{\"@type\":\"BreadcrumbList\",\"@id\":\"https:\\\/\\\/bwbienen.com\\\/Homepage\\\/platzanlage\\\/#breadcrumb\",\"itemListElement\":[{\"@type\":\"ListItem\",\"position\":1,\"name\":\"Startseite\",\"item\":\"https:\\\/\\\/bwbienen.com\\\/Homepage\\\/\"},{\"@type\":\"ListItem\",\"position\":2,\"name\":\"Rhein-Lander Stadion\"}]},{\"@type\":\"WebSite\",\"@id\":\"https:\\\/\\\/bwbienen.com\\\/Homepage\\\/#website\",\"url\":\"https:\\\/\\\/bwbienen.com\\\/Homepage\\\/\",\"name\":\"BW Bienen\",\"description\":\"Der Fu\u00dfballverein am Niederrhein\",\"potentialAction\":[{\"@type\":\"SearchAction\",\"target\":{\"@type\":\"EntryPoint\",\"urlTemplate\":\"https:\\\/\\\/bwbienen.com\\\/Homepage\\\/?s={search_term_string}\"},\"query-input\":{\"@type\":\"PropertyValueSpecification\",\"valueRequired\":true,\"valueName\":\"search_term_string\"}}],\"inLanguage\":\"de\"}]}<\/script>\n<!-- \/ Yoast SEO plugin. -->","yoast_head_json":{"title":"Rhein-Lander Stadion - BW Bienen","robots":{"index":"index","follow":"follow","max-snippet":"max-snippet:-1","max-image-preview":"max-image-preview:large","max-video-preview":"max-video-preview:-1"},"canonical":"https:\/\/bwbienen.com\/Homepage\/platzanlage\/","og_locale":"de_DE","og_type":"article","og_title":"Rhein-Lander Stadion - BW Bienen","og_description":"\ud83c\udf9f\ufe0f Eintrittspreise \u2013 Spiele der 1. Mannschaft Erwachsene: 3,00 \u20ac Mitglieder: 1,00 \u20ac Rentner:innen: 2,00 \u20ac Kinder und Jugendliche (bis 18 Jahre): freier Eintritt Schwerbehinderte: freier Eintritt \ud83d\udc49 Spiele der 2. Mannschaft: Eintritt frei &nbsp; &nbsp; \u00dcbersicht Platzanlage Clubheim","og_url":"https:\/\/bwbienen.com\/Homepage\/platzanlage\/","og_site_name":"BW Bienen","article_modified_time":"2025-10-15T09:42:50+00:00","og_image":[{"url":"http:\/\/bwbienen.com\/Homepage\/wp-content\/uploads\/2019\/09\/IMG-20190902-WA0005-1024x575.jpg","type":"","width":"","height":""}],"twitter_card":"summary_large_image","twitter_misc":{"Gesch\u00e4tzte Lesezeit":"2\u00a0Minuten"},"schema":{"@context":"https:\/\/schema.org","@graph":[{"@type":"WebPage","@id":"https:\/\/bwbienen.com\/Homepage\/platzanlage\/","url":"https:\/\/bwbienen.com\/Homepage\/platzanlage\/","name":"Rhein-Lander Stadion - BW Bienen","isPartOf":{"@id":"https:\/\/bwbienen.com\/Homepage\/#website"},"primaryImageOfPage":{"@id":"https:\/\/bwbienen.com\/Homepage\/platzanlage\/#primaryimage"},"image":{"@id":"https:\/\/bwbienen.com\/Homepage\/platzanlage\/#primaryimage"},"thumbnailUrl":"http:\/\/bwbienen.com\/Homepage\/wp-content\/uploads\/2019\/09\/IMG-20190902-WA0005-1024x575.jpg","datePublished":"2018-01-12T10:05:49+00:00","dateModified":"2025-10-15T09:42:50+00:00","breadcrumb":{"@id":"https:\/\/bwbienen.com\/Homepage\/platzanlage\/#breadcrumb"},"inLanguage":"de","potentialAction":[{"@type":"ReadAction","target":["https:\/\/bwbienen.com\/Homepage\/platzanlage\/"]}]},{"@type":"ImageObject","inLanguage":"de","@id":"https:\/\/bwbienen.com\/Homepage\/platzanlage\/#primaryimage","url":"http:\/\/bwbienen.com\/Homepage\/wp-content\/uploads\/2019\/09\/IMG-20190902-WA0005-1024x575.jpg","contentUrl":"http:\/\/bwbienen.com\/Homepage\/wp-content\/uploads\/2019\/09\/IMG-20190902-WA0005-1024x575.jpg"},{"@type":"BreadcrumbList","@id":"https:\/\/bwbienen.com\/Homepage\/platzanlage\/#breadcrumb","itemListElement":[{"@type":"ListItem","position":1,"name":"Startseite","item":"https:\/\/bwbienen.com\/Homepage\/"},{"@type":"ListItem","position":2,"name":"Rhein-Lander Stadion"}]},{"@type":"WebSite","@id":"https:\/\/bwbienen.com\/Homepage\/#website","url":"https:\/\/bwbienen.com\/Homepage\/","name":"BW Bienen","description":"Der Fu\u00dfballverein am Niederrhein","potentialAction":[{"@type":"SearchAction","target":{"@type":"EntryPoint","urlTemplate":"https:\/\/bwbienen.com\/Homepage\/?s={search_term_string}"},"query-input":{"@type":"PropertyValueSpecification","valueRequired":true,"valueName":"search_term_string"}}],"inLanguage":"de"}]}},"_links":{"self":[{"href":"https:\/\/bwbienen.com\/Homepage\/wp-json\/wp\/v2\/pages\/128","targetHints":{"allow":["GET"]}}],"collection":[{"href":"https:\/\/bwbienen.com\/Homepage\/wp-json\/wp\/v2\/pages"}],"about":[{"href":"https:\/\/bwbienen.com\/Homepage\/wp-json\/wp\/v2\/types\/page"}],"author":[{"embeddable":true,"href":"https:\/\/bwbienen.com\/Homepage\/wp-json\/wp\/v2\/users\/2"}],"replies":[{"embeddable":true,"href":"https:\/\/bwbienen.com\/Homepage\/wp-json\/wp\/v2\/comments?post=128"}],"version-history":[{"count":17,"href":"https:\/\/bwbienen.com\/Homepage\/wp-json\/wp\/v2\/pages\/128\/revisions"}],"predecessor-version":[{"id":1886,"href":"https:\/\/bwbienen.com\/Homepage\/wp-json\/wp\/v2\/pages\/128\/revisions\/1886"}],"wp:attachment":[{"href":"https:\/\/bwbienen.com\/Homepage\/wp-json\/wp\/v2\/media?parent=128"}],"curies":[{"name":"wp","href":"https:\/\/api.w.org\/{rel}","templated":true}]}}