{"id":126,"date":"2018-01-12T11:05:38","date_gmt":"2018-01-12T10:05:38","guid":{"rendered":"http:\/\/bwbienen.com\/Homepage\/?page_id=126"},"modified":"2025-10-15T19:48:05","modified_gmt":"2025-10-15T17:48:05","slug":"vorstand","status":"publish","type":"page","link":"https:\/\/bwbienen.com\/Homepage\/verein\/vorstand\/","title":{"rendered":"Vorstand"},"content":{"rendered":"<h2><img fetchpriority=\"high\" decoding=\"async\" class=\"wp-image-1832 aligncenter\" src=\"https:\/\/bwbienen.com\/Homepage\/wp-content\/uploads\/2025\/05\/dafb9ac7-3633-4949-9da9-5d2d5631ed37-300x225.jpeg\" alt=\"\" width=\"491\" height=\"368\" srcset=\"https:\/\/bwbienen.com\/Homepage\/wp-content\/uploads\/2025\/05\/dafb9ac7-3633-4949-9da9-5d2d5631ed37-300x225.jpeg 300w, https:\/\/bwbienen.com\/Homepage\/wp-content\/uploads\/2025\/05\/dafb9ac7-3633-4949-9da9-5d2d5631ed37-1024x768.jpeg 1024w, https:\/\/bwbienen.com\/Homepage\/wp-content\/uploads\/2025\/05\/dafb9ac7-3633-4949-9da9-5d2d5631ed37-768x576.jpeg 768w, https:\/\/bwbienen.com\/Homepage\/wp-content\/uploads\/2025\/05\/dafb9ac7-3633-4949-9da9-5d2d5631ed37-1536x1152.jpeg 1536w, https:\/\/bwbienen.com\/Homepage\/wp-content\/uploads\/2025\/05\/dafb9ac7-3633-4949-9da9-5d2d5631ed37-1x1.jpeg 1w, https:\/\/bwbienen.com\/Homepage\/wp-content\/uploads\/2025\/05\/dafb9ac7-3633-4949-9da9-5d2d5631ed37.jpeg 1600w\" sizes=\"(max-width: 491px) 100vw, 491px\" \/><\/h2>\r\n<h2 style=\"text-align: center;\"><strong>Aufgabenverteilung Vorstand BW Bienen<\/strong><\/h2>\r\n<ol>\r\n<li><b>Vorsitzender &#8211; Lothar Becker<\/b><b><\/b><\/li>\r\n<\/ol>\r\n<ul>\r\n<li>Gesamtleitung und Koordinierung der Vereinsangelegenheiten und Aufgaben<\/li>\r\n<li>Vertretung des Vereins nach Au\u00dfen inkl. notwendiger Ansprachen<\/li>\r\n<li>Leitung der Vorstandsversammlungen<\/li>\r\n<li>Leitung der Mitgliederversammlungen<\/li>\r\n<li>Ansprechpartner Platzwar<\/li>\r\n<\/ul>\r\n<p><b>2. Vorsitzender &#8211; Mario Schlaghecken<\/b><\/p>\r\n<ul>\r\n<li>Vertretung des 1. Vorsitzenden\u00a0<\/li>\r\n<li>Organisation Weihnachtsfeier<\/li>\r\n<li>Ansprechpartner Turngruppen und Clubhaus<\/li>\r\n<li>Ansprechpartner Stadt Rees\/Bauhof Rees<\/li>\r\n<\/ul>\r\n<p><b>Kassierer &#8211; Stefan Tillmann<\/b><\/p>\r\n<ul>\r\n<li>Kassenf\u00fchrung (alle Zahlungen und Einnahmen)<\/li>\r\n<li>Mitgliederverwaltung \u00fcber Finanzsoftware<\/li>\r\n<li>Rechnungserstellung f\u00fcr Sponsoren (Bandenwerbung etc.)<\/li>\r\n<li>Mitwirkung bei Abl\u00f6sesummen (Entsch\u00e4digungszahlungen)<\/li>\r\n<li>Ansprechpartner Alte Herren<\/li>\r\n<li>Bearbeitung von An-und Abmeldungen (Absprache mit Fu\u00dfballobmann)<\/li>\r\n<\/ul>\r\n<p><b>Gesch\u00e4ftsf\u00fchrer &#8211; Marius Hollands<\/b><\/p>\r\n<ul>\r\n<li>\u00dcberwachung\/Weiterleitung des Posteinganges des Vereins<\/li>\r\n<li>Vereinsadministrator f\u00fcr DFBNet<\/li>\r\n<li>Besuch der Kreis- und -Verbandsveranstaltungen inkl. Spruchkammersitzungen<\/li>\r\n<li>Abgabe von Meldungen an Kreis, Verband und Stadt<\/li>\r\n<li>Bearbeitung von Unf\u00e4llen und Meldung an Sportversicherung<\/li>\r\n<li>Anfertigung von Versammlungsprotokollen<\/li>\r\n<li>Mitwirkung bei Turniervorbereitung und Durchf\u00fchrung<\/li>\r\n<li>Vorbereitung \/ Einladung Mitgliederversammlung<\/li>\r\n<\/ul>\r\n<p><b>Fu\u00dfballobmann &#8211; Frederik Br\u00fccker<\/b><\/p>\r\n<ul>\r\n<li>Ansprechpartner f\u00fcr Seniorenmannschaften, Trainer und Spieler<\/li>\r\n<li>Organisation Spielbetrieb Senioren inkl. -Spielverlegungen<\/li>\r\n<li>Bearbeitung von Spielberechtigungsantr\u00e4gen<\/li>\r\n<li>Mitwirkung bei Abl\u00f6sesummen (Entsch\u00e4digungszahlungen)<\/li>\r\n<li>Besuch der Kreis- und Verbandsveranstaltungen inkl. Spruchkammersitzungen<\/li>\r\n<li>Vertretung des Gesch\u00e4ftsf\u00fchrers bei der &#8211; \u00dcberwachung des Posteingangs<\/li>\r\n<li>Planung der Mannschaften \/ Trainer<\/li>\r\n<li>Mitwirkung bei der Saisonvorbereitung und ggfs. Turnieren<\/li>\r\n<\/ul>\r\n<p><b>Beisitzer &#8211; Max Buckermann, Georg Snelting, Ralf Wenning, Marcus Becker, Raphael Schmitz, Sebastian Kemkes<\/b><\/p>\r\n<ul>\r\n<li>Mitwirkung bei allen Vereinsaktivit\u00e4ten (Weihnachtsfeier, Turniere, Veranstaltungen, Umbauma\u00dfnahmen etc.)<\/li>\r\n<li>Betreuung Social Media + Homepage<\/li>\r\n<li>Begleitung der anderen Vorstandsmitglieder bei offiziellen Anl\u00e4ssen<\/li>\r\n<li>Beauftragter f\u00fcr Sponsoring<\/li>\r\n<\/ul>\r\n<p><b>Jugendleiterin &#8211; Petra Baumann<\/b><\/p>\r\n<ul>\r\n<li>Organisation der Jugendspielgemeinschaft.<\/li>\r\n<li>Vereinsvorstand unterst\u00fctzt die Jugendabteilung wo n\u00f6tig und m\u00f6glich.<\/li>\r\n<li>Ansprechpartner f\u00fcr alle Belange des Jugendfu\u00dfballs<\/li>\r\n<\/ul>\r\n<p><b>Au\u00dferhalb des Vorstands<\/b><\/p>\r\n<ul>\r\n<li>Geburtstags- oder Krankenbesuche<\/li>\r\n<\/ul>\r\n<p><\/p>","protected":false},"excerpt":{"rendered":"<p>Aufgabenverteilung Vorstand BW Bienen Vorsitzender &#8211; Lothar Becker Gesamtleitung und Koordinierung der Vereinsangelegenheiten und Aufgaben Vertretung des Vereins nach Au\u00dfen inkl. notwendiger Ansprachen Leitung der Vorstandsversammlungen Leitung der Mitgliederversammlungen Ansprechpartner Platzwar 2. Vorsitzender &#8211; Mario Schlaghecken Vertretung des 1. Vorsitzenden\u00a0 Organisation Weihnachtsfeier Ansprechpartner Turngruppen und Clubhaus Ansprechpartner Stadt Rees\/Bauhof Rees Kassierer &#8211; Stefan Tillmann Kassenf\u00fchrung [&hellip;]<\/p>\n","protected":false},"author":2,"featured_media":0,"parent":118,"menu_order":0,"comment_status":"closed","ping_status":"closed","template":"","meta":{"footnotes":""},"class_list":["post-126","page","type-page","status-publish","hentry"],"yoast_head":"<!-- This site is optimized with the Yoast SEO plugin v27.4 - https:\/\/yoast.com\/product\/yoast-seo-wordpress\/ -->\n<title>Vorstand - BW Bienen<\/title>\n<meta name=\"description\" content=\"Wir stellen unseren Vereinsvorstand vor! Lernen Sie die Menschen kennen, die hinter dem SV blau-weiss Bienen 1946 e.V. stehen \u2013 engagiert, motiviert und immer f\u00fcr den Verein im Einsatz.\" \/>\n<meta name=\"robots\" content=\"index, follow, max-snippet:-1, max-image-preview:large, max-video-preview:-1\" \/>\n<link rel=\"canonical\" href=\"https:\/\/bwbienen.com\/Homepage\/verein\/vorstand\/\" \/>\n<meta property=\"og:locale\" content=\"de_DE\" \/>\n<meta property=\"og:type\" content=\"article\" \/>\n<meta property=\"og:title\" content=\"Vorstand - BW Bienen\" \/>\n<meta property=\"og:description\" content=\"Wir stellen unseren Vereinsvorstand vor! Lernen Sie die Menschen kennen, die hinter dem SV blau-weiss Bienen 1946 e.V. stehen \u2013 engagiert, motiviert und immer f\u00fcr den Verein im Einsatz.\" \/>\n<meta property=\"og:url\" content=\"https:\/\/bwbienen.com\/Homepage\/verein\/vorstand\/\" \/>\n<meta property=\"og:site_name\" content=\"BW Bienen\" \/>\n<meta property=\"article:modified_time\" content=\"2025-10-15T17:48:05+00:00\" \/>\n<meta property=\"og:image\" content=\"http:\/\/bwbienen.com\/Homepage\/wp-content\/uploads\/2025\/05\/dafb9ac7-3633-4949-9da9-5d2d5631ed37-300x225.jpeg\" \/>\n<meta name=\"twitter:card\" content=\"summary_large_image\" \/>\n<meta name=\"twitter:label1\" content=\"Gesch\u00e4tzte Lesezeit\" \/>\n\t<meta name=\"twitter:data1\" content=\"2\u00a0Minuten\" \/>\n<script type=\"application\/ld+json\" class=\"yoast-schema-graph\">{\"@context\":\"https:\\\/\\\/schema.org\",\"@graph\":[{\"@type\":\"WebPage\",\"@id\":\"https:\\\/\\\/bwbienen.com\\\/Homepage\\\/verein\\\/vorstand\\\/\",\"url\":\"https:\\\/\\\/bwbienen.com\\\/Homepage\\\/verein\\\/vorstand\\\/\",\"name\":\"Vorstand - BW Bienen\",\"isPartOf\":{\"@id\":\"https:\\\/\\\/bwbienen.com\\\/Homepage\\\/#website\"},\"primaryImageOfPage\":{\"@id\":\"https:\\\/\\\/bwbienen.com\\\/Homepage\\\/verein\\\/vorstand\\\/#primaryimage\"},\"image\":{\"@id\":\"https:\\\/\\\/bwbienen.com\\\/Homepage\\\/verein\\\/vorstand\\\/#primaryimage\"},\"thumbnailUrl\":\"http:\\\/\\\/bwbienen.com\\\/Homepage\\\/wp-content\\\/uploads\\\/2025\\\/05\\\/dafb9ac7-3633-4949-9da9-5d2d5631ed37-300x225.jpeg\",\"datePublished\":\"2018-01-12T10:05:38+00:00\",\"dateModified\":\"2025-10-15T17:48:05+00:00\",\"description\":\"Wir stellen unseren Vereinsvorstand vor! Lernen Sie die Menschen kennen, die hinter dem SV blau-weiss Bienen 1946 e.V. stehen \u2013 engagiert, motiviert und immer f\u00fcr den Verein im Einsatz.\",\"breadcrumb\":{\"@id\":\"https:\\\/\\\/bwbienen.com\\\/Homepage\\\/verein\\\/vorstand\\\/#breadcrumb\"},\"inLanguage\":\"de\",\"potentialAction\":[{\"@type\":\"ReadAction\",\"target\":[\"https:\\\/\\\/bwbienen.com\\\/Homepage\\\/verein\\\/vorstand\\\/\"]}]},{\"@type\":\"ImageObject\",\"inLanguage\":\"de\",\"@id\":\"https:\\\/\\\/bwbienen.com\\\/Homepage\\\/verein\\\/vorstand\\\/#primaryimage\",\"url\":\"http:\\\/\\\/bwbienen.com\\\/Homepage\\\/wp-content\\\/uploads\\\/2025\\\/05\\\/dafb9ac7-3633-4949-9da9-5d2d5631ed37-300x225.jpeg\",\"contentUrl\":\"http:\\\/\\\/bwbienen.com\\\/Homepage\\\/wp-content\\\/uploads\\\/2025\\\/05\\\/dafb9ac7-3633-4949-9da9-5d2d5631ed37-300x225.jpeg\"},{\"@type\":\"BreadcrumbList\",\"@id\":\"https:\\\/\\\/bwbienen.com\\\/Homepage\\\/verein\\\/vorstand\\\/#breadcrumb\",\"itemListElement\":[{\"@type\":\"ListItem\",\"position\":1,\"name\":\"Startseite\",\"item\":\"https:\\\/\\\/bwbienen.com\\\/Homepage\\\/\"},{\"@type\":\"ListItem\",\"position\":2,\"name\":\"Verein\",\"item\":\"https:\\\/\\\/bwbienen.com\\\/Homepage\\\/verein\\\/\"},{\"@type\":\"ListItem\",\"position\":3,\"name\":\"Vorstand\"}]},{\"@type\":\"WebSite\",\"@id\":\"https:\\\/\\\/bwbienen.com\\\/Homepage\\\/#website\",\"url\":\"https:\\\/\\\/bwbienen.com\\\/Homepage\\\/\",\"name\":\"BW Bienen\",\"description\":\"Der Fu\u00dfballverein am Niederrhein\",\"potentialAction\":[{\"@type\":\"SearchAction\",\"target\":{\"@type\":\"EntryPoint\",\"urlTemplate\":\"https:\\\/\\\/bwbienen.com\\\/Homepage\\\/?s={search_term_string}\"},\"query-input\":{\"@type\":\"PropertyValueSpecification\",\"valueRequired\":true,\"valueName\":\"search_term_string\"}}],\"inLanguage\":\"de\"}]}<\/script>\n<!-- \/ Yoast SEO plugin. -->","yoast_head_json":{"title":"Vorstand - BW Bienen","description":"Wir stellen unseren Vereinsvorstand vor! Lernen Sie die Menschen kennen, die hinter dem SV blau-weiss Bienen 1946 e.V. stehen \u2013 engagiert, motiviert und immer f\u00fcr den Verein im Einsatz.","robots":{"index":"index","follow":"follow","max-snippet":"max-snippet:-1","max-image-preview":"max-image-preview:large","max-video-preview":"max-video-preview:-1"},"canonical":"https:\/\/bwbienen.com\/Homepage\/verein\/vorstand\/","og_locale":"de_DE","og_type":"article","og_title":"Vorstand - BW Bienen","og_description":"Wir stellen unseren Vereinsvorstand vor! Lernen Sie die Menschen kennen, die hinter dem SV blau-weiss Bienen 1946 e.V. stehen \u2013 engagiert, motiviert und immer f\u00fcr den Verein im Einsatz.","og_url":"https:\/\/bwbienen.com\/Homepage\/verein\/vorstand\/","og_site_name":"BW Bienen","article_modified_time":"2025-10-15T17:48:05+00:00","og_image":[{"url":"http:\/\/bwbienen.com\/Homepage\/wp-content\/uploads\/2025\/05\/dafb9ac7-3633-4949-9da9-5d2d5631ed37-300x225.jpeg","type":"","width":"","height":""}],"twitter_card":"summary_large_image","twitter_misc":{"Gesch\u00e4tzte Lesezeit":"2\u00a0Minuten"},"schema":{"@context":"https:\/\/schema.org","@graph":[{"@type":"WebPage","@id":"https:\/\/bwbienen.com\/Homepage\/verein\/vorstand\/","url":"https:\/\/bwbienen.com\/Homepage\/verein\/vorstand\/","name":"Vorstand - BW Bienen","isPartOf":{"@id":"https:\/\/bwbienen.com\/Homepage\/#website"},"primaryImageOfPage":{"@id":"https:\/\/bwbienen.com\/Homepage\/verein\/vorstand\/#primaryimage"},"image":{"@id":"https:\/\/bwbienen.com\/Homepage\/verein\/vorstand\/#primaryimage"},"thumbnailUrl":"http:\/\/bwbienen.com\/Homepage\/wp-content\/uploads\/2025\/05\/dafb9ac7-3633-4949-9da9-5d2d5631ed37-300x225.jpeg","datePublished":"2018-01-12T10:05:38+00:00","dateModified":"2025-10-15T17:48:05+00:00","description":"Wir stellen unseren Vereinsvorstand vor! Lernen Sie die Menschen kennen, die hinter dem SV blau-weiss Bienen 1946 e.V. stehen \u2013 engagiert, motiviert und immer f\u00fcr den Verein im Einsatz.","breadcrumb":{"@id":"https:\/\/bwbienen.com\/Homepage\/verein\/vorstand\/#breadcrumb"},"inLanguage":"de","potentialAction":[{"@type":"ReadAction","target":["https:\/\/bwbienen.com\/Homepage\/verein\/vorstand\/"]}]},{"@type":"ImageObject","inLanguage":"de","@id":"https:\/\/bwbienen.com\/Homepage\/verein\/vorstand\/#primaryimage","url":"http:\/\/bwbienen.com\/Homepage\/wp-content\/uploads\/2025\/05\/dafb9ac7-3633-4949-9da9-5d2d5631ed37-300x225.jpeg","contentUrl":"http:\/\/bwbienen.com\/Homepage\/wp-content\/uploads\/2025\/05\/dafb9ac7-3633-4949-9da9-5d2d5631ed37-300x225.jpeg"},{"@type":"BreadcrumbList","@id":"https:\/\/bwbienen.com\/Homepage\/verein\/vorstand\/#breadcrumb","itemListElement":[{"@type":"ListItem","position":1,"name":"Startseite","item":"https:\/\/bwbienen.com\/Homepage\/"},{"@type":"ListItem","position":2,"name":"Verein","item":"https:\/\/bwbienen.com\/Homepage\/verein\/"},{"@type":"ListItem","position":3,"name":"Vorstand"}]},{"@type":"WebSite","@id":"https:\/\/bwbienen.com\/Homepage\/#website","url":"https:\/\/bwbienen.com\/Homepage\/","name":"BW Bienen","description":"Der Fu\u00dfballverein am Niederrhein","potentialAction":[{"@type":"SearchAction","target":{"@type":"EntryPoint","urlTemplate":"https:\/\/bwbienen.com\/Homepage\/?s={search_term_string}"},"query-input":{"@type":"PropertyValueSpecification","valueRequired":true,"valueName":"search_term_string"}}],"inLanguage":"de"}]}},"_links":{"self":[{"href":"https:\/\/bwbienen.com\/Homepage\/wp-json\/wp\/v2\/pages\/126","targetHints":{"allow":["GET"]}}],"collection":[{"href":"https:\/\/bwbienen.com\/Homepage\/wp-json\/wp\/v2\/pages"}],"about":[{"href":"https:\/\/bwbienen.com\/Homepage\/wp-json\/wp\/v2\/types\/page"}],"author":[{"embeddable":true,"href":"https:\/\/bwbienen.com\/Homepage\/wp-json\/wp\/v2\/users\/2"}],"replies":[{"embeddable":true,"href":"https:\/\/bwbienen.com\/Homepage\/wp-json\/wp\/v2\/comments?post=126"}],"version-history":[{"count":26,"href":"https:\/\/bwbienen.com\/Homepage\/wp-json\/wp\/v2\/pages\/126\/revisions"}],"predecessor-version":[{"id":1893,"href":"https:\/\/bwbienen.com\/Homepage\/wp-json\/wp\/v2\/pages\/126\/revisions\/1893"}],"up":[{"embeddable":true,"href":"https:\/\/bwbienen.com\/Homepage\/wp-json\/wp\/v2\/pages\/118"}],"wp:attachment":[{"href":"https:\/\/bwbienen.com\/Homepage\/wp-json\/wp\/v2\/media?parent=126"}],"curies":[{"name":"wp","href":"https:\/\/api.w.org\/{rel}","templated":true}]}}